{"id":129,"date":"2021-12-30T08:27:57","date_gmt":"2021-12-30T08:27:57","guid":{"rendered":"https:\/\/solikom.de\/ea-frankfurt\/?page_id=129"},"modified":"2021-12-30T08:48:19","modified_gmt":"2021-12-30T08:48:19","slug":"links","status":"publish","type":"page","link":"https:\/\/solikom.de\/ea-frankfurt\/links\/","title":{"rendered":"Links"},"content":{"rendered":"\n<h2 class=\"wp-block-heading\">Andere Ermittlungsaussch\u00fcsse:<\/h2>\n\n\n\n<p>EA Gorleben: <a href=\"https:\/\/www.ea-gorleben.de\/\" target=\"_blank\" rel=\"noreferrer noopener\">www.ea-gorleben.de<\/a><\/p>\n\n\n\n<p>EA Hamburg: <a href=\"https:\/\/www.ea-hh.org\/\" target=\"_blank\" rel=\"noreferrer noopener\">www.ea-hh.org<\/a><\/p>\n\n\n\n<p>EA K\u00f6ln: <a href=\"https:\/\/www.ea-koeln.de\/\" target=\"_blank\" rel=\"noreferrer noopener\">www.ea-koeln.de<\/a><\/p>\n\n\n\n<p>EA M\u00fcnster: <a href=\"https:\/\/www.schwarz-rote-hilfe.de.vu\/\" target=\"_blank\" rel=\"noreferrer noopener\">www.schwarz-rote-hilfe.de.vu<\/a><\/p>\n\n\n\n<p>EA Berlin: <a href=\"https:\/\/ea-berlin.net\/\" target=\"_blank\" rel=\"noreferrer noopener\">ea-berlin.net<\/a><\/p>\n\n\n\n<p>EA Wuppertal: <a href=\"https:\/\/eawuppertal.blogsport.de\/\" target=\"_blank\" rel=\"noreferrer noopener\">eawuppertal.blogsport.de<\/a><\/p>\n\n\n\n<h2 class=\"wp-block-heading\">Organisationen und Rechtshilfegruppen:<\/h2>\n\n\n\n<p>Rote Hilfe Bundesverband: <a href=\"https:\/\/www.rote-hilfe.de\/\" target=\"_blank\" rel=\"noreferrer noopener\">www.rote-hilfe.de<\/a><\/p>\n\n\n\n<p>Rote Hilfe e.V. Ortsgruppe Frankfurt am Main: <a href=\"https:\/\/rhffm.blackblogs.org\/\" target=\"_blank\" rel=\"noreferrer noopener\">rhffm.blogsport.eu<\/a><\/p>\n\n\n\n<p>Komitee f\u00fcr Grundrechte und Demokratie: <a href=\"https:\/\/www.grundrechtekomitee.de\/\" target=\"_blank\" rel=\"noreferrer noopener\">www.grundrechtekomitee.de<\/a><\/p>\n\n\n\n<p>Humanistische Union<\/p>\n\n\n\n<p><a href=\"https:\/\/web.archive.org\/web\/20161228113340\/http:\/\/www.humanistische-union.de\/\" target=\"_blank\" rel=\"noreferrer noopener\">www.humanistische-union.de<\/a><\/p>\n\n\n\n<p>Bunte Hilfe Marburg<\/p>\n\n\n\n<p><a href=\"https:\/\/web.archive.org\/web\/20161228113340\/http:\/\/www.bunte-hilfe.de\/\" target=\"_blank\" rel=\"noreferrer noopener\">www.bunte-hilfe.de<\/a><\/p>\n\n\n\n<h2 class=\"wp-block-heading\">Demosanis<\/h2>\n\n\n\n<p>Autonome Demosanis Frankfurt: <a href=\"https:\/\/solikom.de\/ea-frankfurt\/autonome-demosanis-selbstverstaendnis\/\">ea-frankfurt\/autonome-demosanis<\/a><\/p>\n\n\n\n<p>Sanit\u00e4tsgruppe S\u00fcdwest<\/p>\n\n\n\n<p><a href=\"https:\/\/web.archive.org\/web\/20161228113340\/http:\/\/www.demosanitaeter.de\/\" target=\"_blank\" rel=\"noreferrer noopener\">www.demosanitaeter.de\/<\/a><\/p>\n\n\n\n<p>Demosangruppe Bonn Rhein\/Sieg<\/p>\n\n\n\n<p><a href=\"https:\/\/web.archive.org\/web\/20161228113340\/http:\/\/www.demosanisbonn.de\/\" target=\"_blank\" rel=\"noreferrer noopener\">www.demosanisbonn.de\/<\/a><\/p>\n\n\n\n<p>Strassenmedizin \u2013 Onlineinfo f\u00fcr autonome Demosanis<\/p>\n\n\n\n<p><a href=\"https:\/\/web.archive.org\/web\/20161228113340\/http:\/\/www.nadir.org\/nadir\/initiativ\/sanis\/\" target=\"_blank\" rel=\"noreferrer noopener\">www.nadir.org\/nadir\/initiativ\/sanis\/<\/a><\/p>\n\n\n\n<h2 class=\"wp-block-heading\">Anti-Repression<\/h2>\n\n\n\n<p>Aussageverweigung \u2013 Kampagne der Roten Hilfe<\/p>\n\n\n\n<p><a href=\"https:\/\/web.archive.org\/web\/20161228113340\/http:\/\/www.aussageverweigerung.info\/\" target=\"_blank\" rel=\"noreferrer noopener\">www.aussageverweigerung.info<\/a><\/p>\n\n\n\n<p>Einstellung der \u00a7129(a)-Verfahren \u2013 sofort!<\/p>\n\n\n\n<p><a href=\"https:\/\/web.archive.org\/web\/20161228113340\/http:\/\/einstellung.so36.net\/\" target=\"_blank\" rel=\"noreferrer noopener\">einstellung.so36.net<\/a><\/p>\n\n\n\n<p>Squat.net international Legal Guide<\/p>\n\n\n\n<p><a href=\"https:\/\/web.archive.org\/web\/20161228113340\/http:\/\/legal.squat.net\/\" target=\"_blank\" rel=\"noreferrer noopener\">legal.squat.net<\/a><\/p>\n\n\n\n<h2 class=\"wp-block-heading\">Kritische&nbsp;JuristInnen<\/h2>\n\n\n\n<p>Bundesarbeitskreis kritischer Juragruppen [BAKJ]<\/p>\n\n\n\n<p><a href=\"https:\/\/web.archive.org\/web\/20161228113340\/http:\/\/www.bakj.de\/\" target=\"_blank\" rel=\"noreferrer noopener\">www.bakj.de<\/a><\/p>\n\n\n\n<p>Arbeitskreis kritischer Juristinnen und Juristen an der HU Berlin<\/p>\n\n\n\n<p><a href=\"https:\/\/web.archive.org\/web\/20161228113340\/http:\/\/akj.rewi.hu-berlin.de\/\" target=\"_blank\" rel=\"noreferrer noopener\">http:\/\/akj.rewi.hu-berlin.de\/<\/a><\/p>\n\n\n\n<p>Arbeitskreis kritischer Jurist_innen (akj) Frankfurt<\/p>\n\n\n\n<p><a href=\"https:\/\/web.archive.org\/web\/20161228113340\/http:\/\/akjffm.blogsport.de\/\" target=\"_blank\" rel=\"noreferrer noopener\">akjffm.blogsport.de<\/a><\/p>\n\n\n\n<h2 class=\"wp-block-heading\">Datenschutz<\/h2>\n\n\n\n<p>Datenschutzgruppe der Rote Hilfe Heidelberg<\/p>\n\n\n\n<p><a href=\"https:\/\/web.archive.org\/web\/20161228113340\/http:\/\/www.datenschmutz.de\/cgi-bin\/moin.cgi\/\/FrontPage?action=show&amp;redirect=StartSeite\" target=\"_blank\" rel=\"noreferrer noopener\">www.datenschmutz.de<\/a><\/p>\n\n\n\n<p>Generator f\u00fcr Auskunftsersuchen der Datenschutzgruppe der Rote Hilfe Heidelberg<\/p>\n\n\n\n<p><a href=\"https:\/\/web.archive.org\/web\/20161228113340\/https:\/\/www.datenschmutz.de\/cgi-bin\/auskunft\" target=\"_blank\" rel=\"noreferrer noopener\">www.datenschmutz.de\/cgi-bin\/auskunft<\/a><\/p>\n","protected":false},"excerpt":{"rendered":"<p>Andere Ermittlungsaussch\u00fcsse: EA Gorleben: www.ea-gorleben.de EA Hamburg: www.ea-hh.org EA K\u00f6ln: www.ea-koeln.de EA M\u00fcnster: www.schwarz-rote-hilfe.de.vu EA Berlin: ea-berlin.net EA Wuppertal: eawuppertal.blogsport.de Organisationen und Rechtshilfegruppen: Rote Hilfe Bundesverband: www.rote-hilfe.de Rote Hilfe e.V. Ortsgruppe Frankfurt am Main: rhffm.blogsport.eu Komitee f\u00fcr Grundrechte und Demokratie: www.grundrechtekomitee.de Humanistische Union www.humanistische-union.de Bunte Hilfe Marburg www.bunte-hilfe.de Demosanis Autonome Demosanis Frankfurt: ea-frankfurt\/autonome-demosanis Sanit\u00e4tsgruppe S\u00fcdwest [&hellip;]<\/p>\n","protected":false},"author":1,"featured_media":0,"parent":0,"menu_order":0,"comment_status":"closed","ping_status":"closed","template":"","meta":{"footnotes":""},"class_list":["post-129","page","type-page","status-publish","hentry"],"yoast_head":"<!-- This site is optimized with the Yoast SEO plugin v23.3 - https:\/\/yoast.com\/wordpress\/plugins\/seo\/ -->\n<title>Links - EA FRANKFURT<\/title>\n<meta name=\"robots\" content=\"index, follow, max-snippet:-1, max-image-preview:large, max-video-preview:-1\" \/>\n<link rel=\"canonical\" href=\"https:\/\/solikom.de\/ea-frankfurt\/links\/\" \/>\n<meta property=\"og:locale\" content=\"de_DE\" \/>\n<meta property=\"og:type\" content=\"article\" \/>\n<meta property=\"og:title\" content=\"Links - EA FRANKFURT\" \/>\n<meta property=\"og:description\" content=\"Andere Ermittlungsaussch\u00fcsse: EA Gorleben: www.ea-gorleben.de EA Hamburg: www.ea-hh.org EA K\u00f6ln: www.ea-koeln.de EA M\u00fcnster: www.schwarz-rote-hilfe.de.vu EA Berlin: ea-berlin.net EA Wuppertal: eawuppertal.blogsport.de Organisationen und Rechtshilfegruppen: Rote Hilfe Bundesverband: www.rote-hilfe.de Rote Hilfe e.V. Ortsgruppe Frankfurt am Main: rhffm.blogsport.eu Komitee f\u00fcr Grundrechte und Demokratie: www.grundrechtekomitee.de Humanistische Union www.humanistische-union.de Bunte Hilfe Marburg www.bunte-hilfe.de Demosanis Autonome Demosanis Frankfurt: ea-frankfurt\/autonome-demosanis Sanit\u00e4tsgruppe S\u00fcdwest [&hellip;]\" \/>\n<meta property=\"og:url\" content=\"https:\/\/solikom.de\/ea-frankfurt\/links\/\" \/>\n<meta property=\"og:site_name\" content=\"EA FRANKFURT\" \/>\n<meta property=\"article:modified_time\" content=\"2021-12-30T08:48:19+00:00\" \/>\n<meta name=\"twitter:card\" content=\"summary_large_image\" \/>\n<meta name=\"twitter:label1\" content=\"Gesch\u00e4tzte Lesezeit\" \/>\n\t<meta name=\"twitter:data1\" content=\"1\u00a0Minute\" \/>\n<script type=\"application\/ld+json\" class=\"yoast-schema-graph\">{\"@context\":\"https:\/\/schema.org\",\"@graph\":[{\"@type\":\"WebPage\",\"@id\":\"https:\/\/solikom.de\/ea-frankfurt\/links\/\",\"url\":\"https:\/\/solikom.de\/ea-frankfurt\/links\/\",\"name\":\"Links - EA FRANKFURT\",\"isPartOf\":{\"@id\":\"https:\/\/solikom.de\/ea-frankfurt\/#website\"},\"datePublished\":\"2021-12-30T08:27:57+00:00\",\"dateModified\":\"2021-12-30T08:48:19+00:00\",\"breadcrumb\":{\"@id\":\"https:\/\/solikom.de\/ea-frankfurt\/links\/#breadcrumb\"},\"inLanguage\":\"de\",\"potentialAction\":[{\"@type\":\"ReadAction\",\"target\":[\"https:\/\/solikom.de\/ea-frankfurt\/links\/\"]}]},{\"@type\":\"BreadcrumbList\",\"@id\":\"https:\/\/solikom.de\/ea-frankfurt\/links\/#breadcrumb\",\"itemListElement\":[{\"@type\":\"ListItem\",\"position\":1,\"name\":\"Startseite\",\"item\":\"https:\/\/solikom.de\/ea-frankfurt\/\"},{\"@type\":\"ListItem\",\"position\":2,\"name\":\"Links\"}]},{\"@type\":\"WebSite\",\"@id\":\"https:\/\/solikom.de\/ea-frankfurt\/#website\",\"url\":\"https:\/\/solikom.de\/ea-frankfurt\/\",\"name\":\"EA FRANKFURT\",\"description\":\"Demonstrationsfreiheit durchsetzen\",\"publisher\":{\"@id\":\"https:\/\/solikom.de\/ea-frankfurt\/#organization\"},\"potentialAction\":[{\"@type\":\"SearchAction\",\"target\":{\"@type\":\"EntryPoint\",\"urlTemplate\":\"https:\/\/solikom.de\/ea-frankfurt\/?s={search_term_string}\"},\"query-input\":\"required name=search_term_string\"}],\"inLanguage\":\"de\"},{\"@type\":\"Organization\",\"@id\":\"https:\/\/solikom.de\/ea-frankfurt\/#organization\",\"name\":\"EA FRANKFURT\",\"url\":\"https:\/\/solikom.de\/ea-frankfurt\/\",\"logo\":{\"@type\":\"ImageObject\",\"inLanguage\":\"de\",\"@id\":\"https:\/\/solikom.de\/ea-frankfurt\/#\/schema\/logo\/image\/\",\"url\":\"https:\/\/solikom.de\/ea-frankfurt\/wp-content\/uploads\/2021\/12\/cropped-logo.png\",\"contentUrl\":\"https:\/\/solikom.de\/ea-frankfurt\/wp-content\/uploads\/2021\/12\/cropped-logo.png\",\"width\":240,\"height\":75,\"caption\":\"EA FRANKFURT\"},\"image\":{\"@id\":\"https:\/\/solikom.de\/ea-frankfurt\/#\/schema\/logo\/image\/\"}}]}<\/script>\n<!-- \/ Yoast SEO plugin. -->","yoast_head_json":{"title":"Links - EA FRANKFURT","robots":{"index":"index","follow":"follow","max-snippet":"max-snippet:-1","max-image-preview":"max-image-preview:large","max-video-preview":"max-video-preview:-1"},"canonical":"https:\/\/solikom.de\/ea-frankfurt\/links\/","og_locale":"de_DE","og_type":"article","og_title":"Links - EA FRANKFURT","og_description":"Andere Ermittlungsaussch\u00fcsse: EA Gorleben: www.ea-gorleben.de EA Hamburg: www.ea-hh.org EA K\u00f6ln: www.ea-koeln.de EA M\u00fcnster: www.schwarz-rote-hilfe.de.vu EA Berlin: ea-berlin.net EA Wuppertal: eawuppertal.blogsport.de Organisationen und Rechtshilfegruppen: Rote Hilfe Bundesverband: www.rote-hilfe.de Rote Hilfe e.V. Ortsgruppe Frankfurt am Main: rhffm.blogsport.eu Komitee f\u00fcr Grundrechte und Demokratie: www.grundrechtekomitee.de Humanistische Union www.humanistische-union.de Bunte Hilfe Marburg www.bunte-hilfe.de Demosanis Autonome Demosanis Frankfurt: ea-frankfurt\/autonome-demosanis Sanit\u00e4tsgruppe S\u00fcdwest [&hellip;]","og_url":"https:\/\/solikom.de\/ea-frankfurt\/links\/","og_site_name":"EA FRANKFURT","article_modified_time":"2021-12-30T08:48:19+00:00","twitter_card":"summary_large_image","twitter_misc":{"Gesch\u00e4tzte Lesezeit":"1\u00a0Minute"},"schema":{"@context":"https:\/\/schema.org","@graph":[{"@type":"WebPage","@id":"https:\/\/solikom.de\/ea-frankfurt\/links\/","url":"https:\/\/solikom.de\/ea-frankfurt\/links\/","name":"Links - EA FRANKFURT","isPartOf":{"@id":"https:\/\/solikom.de\/ea-frankfurt\/#website"},"datePublished":"2021-12-30T08:27:57+00:00","dateModified":"2021-12-30T08:48:19+00:00","breadcrumb":{"@id":"https:\/\/solikom.de\/ea-frankfurt\/links\/#breadcrumb"},"inLanguage":"de","potentialAction":[{"@type":"ReadAction","target":["https:\/\/solikom.de\/ea-frankfurt\/links\/"]}]},{"@type":"BreadcrumbList","@id":"https:\/\/solikom.de\/ea-frankfurt\/links\/#breadcrumb","itemListElement":[{"@type":"ListItem","position":1,"name":"Startseite","item":"https:\/\/solikom.de\/ea-frankfurt\/"},{"@type":"ListItem","position":2,"name":"Links"}]},{"@type":"WebSite","@id":"https:\/\/solikom.de\/ea-frankfurt\/#website","url":"https:\/\/solikom.de\/ea-frankfurt\/","name":"EA FRANKFURT","description":"Demonstrationsfreiheit durchsetzen","publisher":{"@id":"https:\/\/solikom.de\/ea-frankfurt\/#organization"},"potentialAction":[{"@type":"SearchAction","target":{"@type":"EntryPoint","urlTemplate":"https:\/\/solikom.de\/ea-frankfurt\/?s={search_term_string}"},"query-input":"required name=search_term_string"}],"inLanguage":"de"},{"@type":"Organization","@id":"https:\/\/solikom.de\/ea-frankfurt\/#organization","name":"EA FRANKFURT","url":"https:\/\/solikom.de\/ea-frankfurt\/","logo":{"@type":"ImageObject","inLanguage":"de","@id":"https:\/\/solikom.de\/ea-frankfurt\/#\/schema\/logo\/image\/","url":"https:\/\/solikom.de\/ea-frankfurt\/wp-content\/uploads\/2021\/12\/cropped-logo.png","contentUrl":"https:\/\/solikom.de\/ea-frankfurt\/wp-content\/uploads\/2021\/12\/cropped-logo.png","width":240,"height":75,"caption":"EA FRANKFURT"},"image":{"@id":"https:\/\/solikom.de\/ea-frankfurt\/#\/schema\/logo\/image\/"}}]}},"_links":{"self":[{"href":"https:\/\/solikom.de\/ea-frankfurt\/wp-json\/wp\/v2\/pages\/129","targetHints":{"allow":["GET"]}}],"collection":[{"href":"https:\/\/solikom.de\/ea-frankfurt\/wp-json\/wp\/v2\/pages"}],"about":[{"href":"https:\/\/solikom.de\/ea-frankfurt\/wp-json\/wp\/v2\/types\/page"}],"author":[{"embeddable":true,"href":"https:\/\/solikom.de\/ea-frankfurt\/wp-json\/wp\/v2\/users\/1"}],"replies":[{"embeddable":true,"href":"https:\/\/solikom.de\/ea-frankfurt\/wp-json\/wp\/v2\/comments?post=129"}],"version-history":[{"count":3,"href":"https:\/\/solikom.de\/ea-frankfurt\/wp-json\/wp\/v2\/pages\/129\/revisions"}],"predecessor-version":[{"id":140,"href":"https:\/\/solikom.de\/ea-frankfurt\/wp-json\/wp\/v2\/pages\/129\/revisions\/140"}],"wp:attachment":[{"href":"https:\/\/solikom.de\/ea-frankfurt\/wp-json\/wp\/v2\/media?parent=129"}],"curies":[{"name":"wp","href":"https:\/\/api.w.org\/{rel}","templated":true}]}}