{"id":18,"date":"2021-12-28T09:46:20","date_gmt":"2021-12-28T09:46:20","guid":{"rendered":"https:\/\/solikom.de\/ea-frankfurt\/?page_id=18"},"modified":"2023-09-07T17:50:55","modified_gmt":"2023-09-07T17:50:55","slug":"kontakt","status":"publish","type":"page","link":"https:\/\/solikom.de\/ea-frankfurt\/kontakt\/","title":{"rendered":"Kontakt"},"content":{"rendered":"\n<h3 class=\"wp-block-heading\">pers\u00f6nlicher Kontakt<\/h3>\n\n\n\n<p>Regelm\u00e4\u00dfig bietet der EA-Frankfurt am ersten Donnerstag des Monat ab 19.00 Uhr im\u00a0<a target=\"_blank\" rel=\"noreferrer noopener\">Club Voltaire<\/a>\u00a0eine\u00a0<a>Sprechstunde<\/a>\u00a0an, wo rechtliche Fragen gekl\u00e4rt werden k\u00f6nnen und Anw\u00e4ltInnen vermittelt werden k\u00f6nnen.<\/p>\n\n\n\n<h3 class=\"wp-block-heading\">Per Telefon<\/h3>\n\n\n\n<p>Nummer des Ermittlungsausschusses EA-Frankfurt:&nbsp;<strong>0152-15330320<\/strong>. Nur w\u00e4hrend der Demo.<\/p>\n\n\n\n<h3 class=\"wp-block-heading\">Per Mail<\/h3>\n\n\n\n<p>\u2026erreicht Ihr uns unter&nbsp;<strong>info[at]ea-frankfurt.org<\/strong><br><\/p>\n\n\n\n<p>zur Kommunikation per Mail unseren GPG-Key nutzen: GPG-Key EA-Frankfurt<\/p>\n\n\n\n<div class=\"wp-block-file\"><a id=\"wp-block-file--media-8375603a-eb7e-4b66-ad29-8cfa348e905c\" href=\"https:\/\/solikom.de\/ea-frankfurt\/wp-content\/uploads\/info_ea-frankfurt.org_0x775D6368_pub.pgp\">info_ea-frankfurt.org_0x775D6368_pub<\/a><a href=\"https:\/\/solikom.de\/ea-frankfurt\/wp-content\/uploads\/info_ea-frankfurt.org_0x775D6368_pub.pgp\" class=\"wp-block-file__button wp-element-button\" download aria-describedby=\"wp-block-file--media-8375603a-eb7e-4b66-ad29-8cfa348e905c\">Herunterladen<\/a><\/div>\n\n\n\n<p>Am Besten mit einem Rechtsklick auf die \u00dcberschrift gehen, speichern, und eurem Schl\u00fcsselbund hinzuf\u00fcgen.<\/p>\n\n\n\n<p>Fingerabdruck: F863 DBE1 8C76 88BA 9F3C DE73 CE04 F1CF 775D 6368<br><br><\/p>\n\n\n\n<p>&#8212;&#8211;BEGIN PGP PUBLIC KEY BLOCK&#8212;&#8211;<\/p>\n\n\n\n<p>Version: GnuPG v1.4.7 (MingW32)<\/p>\n\n\n\n<p>mQGiBEjna+oRBACiCHoYBubtY9nxoL3\/OEOF0yXJzYbj3FQ9blnpRpJu\/zZ\/ae7L<\/p>\n\n\n\n<p>xObDuHwKtfcjUMNhDqJomPgig8mbD1uk07CNyfYMHrUghvH1Lz2Hse0Opxvr7b1J<\/p>\n\n\n\n<p>9M\/CqkbCktPtzhxapyvQewuds+wSmsaCsOGgYBXYTsS4F9svu2SEMExR5wCg6Lqp<\/p>\n\n\n\n<p>B9VFZhkDCVwde8h\/a63WGGMD\/0QDNbzz13AoC2sDqh\/vb99avs7WFPRFFKPQXaWk<\/p>\n\n\n\n<p>T2D6cF3OTVGQhICdA5oX+PhSdSEextXc\/VvGjF3asZJovY9goSipZWI2+VisaLLV<\/p>\n\n\n\n<p>EjHgIgUoRxCqzJ\/iPNYR9x48Ke6XCRDx8etzaFLu470IE5bMaIPGtxRAIAteAcEa<\/p>\n\n\n\n<p>vr75A\/wIOMQZFhNDvsdMovQuSW4tyvyXmOg2n5v+dN5eiDfAaI43a6fVb88kvSTb<\/p>\n\n\n\n<p>UVCdNDxi1T7CKDTPiIlDvqmDwaN+rPMAOCA+mPz07HhltnRcmyNJTELpdW6cZg3K<\/p>\n\n\n\n<p>eBpchyi5fiWXY97Lij5HFbJXww4Wbu2lW8M4eEUQJMElfFS2ObQkRUEgRnJhbmtm<\/p>\n\n\n\n<p>dXJ0IDxpbmZvQGVhLWZyYW5rZnVydC5vcmc+iGAEExECACAFAkjna+oCGwMGCwkI<\/p>\n\n\n\n<p>BwMCBBUCCAMEFgIDAQIeAQIXgAAKCRDOBPHPd11jaAM0AKDcSiWf2yi40VLwmEKo<\/p>\n\n\n\n<p>l8gFgT7taACcDiCt45E103KxYMFPf5pRVJl5nb+5BA0ESOdr6hAQAKQ4RBRblaSV<\/p>\n\n\n\n<p>n2WLWhad2XdilL9WMh3lcVDCxSV607HSYhUXVItLsNrvXPFk7ptsSTseQFKz2RWz<\/p>\n\n\n\n<p>Qp52gxM918\/Hi3kYMNPqxOKVcpHZXEihyLlnNAmHpTIFfAaclVDA4G\/bAhhbLHA9<\/p>\n\n\n\n<p>Gcba0oMQTEx3WFJzvgmiKKv67la6cUEsvi\/M9iYXxDrXtXPAg1coGEZG+4PJDDBS<\/p>\n\n\n\n<p>+QQIWq3pEuGgTVtk2mBSTP0VAIJLvdP7eW8QSG5UP\/+1rMiaNVnXQSbbkm+XEmwB<\/p>\n\n\n\n<p>\/XmZGAA5IykJhwEhf7EqZO2heheuogcGcHjNYHP1kauZmHX\/PPu2OdedEXmbSjTD<\/p>\n\n\n\n<p>GIJgvHNeszj2Sd4G4I2wP9Y\/0YjC0ZPgF4NpqUFN+Vlgfm9dBMpiJX1AzR8botH+<\/p>\n\n\n\n<p>J+y4UEW24tNefqI7tM7FdiKcYOSBHZRT0AbckUN0s+m7MEE7sOxJ1mHtZD2qqNna<\/p>\n\n\n\n<p>wz6vKmhHmPMMcby7f1LNOiu13KbGpRK1ejlRof0LuxTCIScvn3tYdvSFeXaqWW4z<\/p>\n\n\n\n<p>p38Ices52jnRxgSgkp9jQniP+dRLPSlTUwdrt3CznirI1m\/yBBRUlwALku\/1Olis<\/p>\n\n\n\n<p>lBZS9AhV7MVGtXKeTxJNZhbeBAb82SzwloWUsx8gRG6e+piLVsZMPebK3o19v0dY<\/p>\n\n\n\n<p>rucHHHV7yrIoJ2PFcDeFeBuqPbmZxx\/TAAMGD\/9nos9evYCm5IK7rcaYbCXALFCe<\/p>\n\n\n\n<p>5MlF1mJoRG6UIN+Gp63UmAqT5yAKHnnZv\/ZLTUiftbzI9tClCv+wu9uperQKDDCx<\/p>\n\n\n\n<p>4UzDHB9x4MRoOIqQ1NVSwKBALAvmmiMfN2UtL07ZAmJQyUV\/7GOwj9cLMXsEL5pv<\/p>\n\n\n\n<p>JTYPkBZYkq7nuEf\/q5uETw0M5+99WAmODsPkwjJLf8LULd1Gd6m3n7ruoxLSqQEv<\/p>\n\n\n\n<p>clVonKqHg38o8QNJLbjJfggB84nGPwNOBQH3CCBdAgvlqS9auDH8xNQjJQy+IBN0<\/p>\n\n\n\n<p>TKKcz7lna0LMwdro6RHoNGibqUqEqU7glB2r28dk13\/1zQP0FGZsACm5z4fkXwJ2<\/p>\n\n\n\n<p>RjIUHy5RRYKlxeugUiV4T3BGQdnPbHD1l8AQ\/WMrGX2wB4RPK5IH810M9s6ZqCL6<\/p>\n\n\n\n<p>3g+CjeOmUnaH\/7R0l9XN8nFuhSCkpYjQ+Zo4jnfyekay\/GZ4fv\/ryLztEdjXGrMk<\/p>\n\n\n\n<p>Yx\/3aeTet2QiUXDzaFpjLQ5fJD2dY+t+Klc8ebFLflBAPjOIMr3agEHQhKc3t70y<\/p>\n\n\n\n<p>cZ6f3oLgDH\/41u9GZBSFYDRNL3n1X8muFZdbzeXzRK2eALjcqacwGvkM\/K3pw+PB<\/p>\n\n\n\n<p>8HnKw3SnIMxaqtwjkEcqYSWUogubDuKqsv7B1GCDOY4\/5iElFOLwr4KEP+eNjRAO<\/p>\n\n\n\n<p>8mq8H4CSaIwvPaygbYhJBBgRAgAJBQJI52vqAhsMAAoJEM4E8c93XWNofSgAnRBi<\/p>\n\n\n\n<p>D5xuIU1GSfcNkHB8DgzKjq21AJ4sXDxw1GNBqaHkZnt\/nJPAj3KaJw==<\/p>\n\n\n\n<p>=hIK5<\/p>\n\n\n\n<p>&#8212;&#8211;END PGP PUBLIC KEY BLOCK&#8212;&#8211;<\/p>\n","protected":false},"excerpt":{"rendered":"<p>pers\u00f6nlicher Kontakt Regelm\u00e4\u00dfig bietet der EA-Frankfurt am ersten Donnerstag des Monat ab 19.00 Uhr im\u00a0Club Voltaire\u00a0eine\u00a0Sprechstunde\u00a0an, wo rechtliche Fragen gekl\u00e4rt werden k\u00f6nnen und Anw\u00e4ltInnen vermittelt werden k\u00f6nnen. Per Telefon Nummer des Ermittlungsausschusses EA-Frankfurt:&nbsp;0152-15330320. Nur w\u00e4hrend der Demo. Per Mail \u2026erreicht Ihr uns unter&nbsp;info[at]ea-frankfurt.org zur Kommunikation per Mail unseren GPG-Key nutzen: GPG-Key EA-Frankfurt Am Besten mit [&hellip;]<\/p>\n","protected":false},"author":1,"featured_media":0,"parent":0,"menu_order":0,"comment_status":"closed","ping_status":"closed","template":"","meta":{"footnotes":""},"class_list":["post-18","page","type-page","status-publish","hentry"],"yoast_head":"<!-- This site is optimized with the Yoast SEO plugin v23.3 - https:\/\/yoast.com\/wordpress\/plugins\/seo\/ -->\n<title>Kontakt - EA FRANKFURT<\/title>\n<meta name=\"robots\" content=\"index, follow, max-snippet:-1, max-image-preview:large, max-video-preview:-1\" \/>\n<link rel=\"canonical\" href=\"https:\/\/solikom.de\/ea-frankfurt\/kontakt\/\" \/>\n<meta property=\"og:locale\" content=\"de_DE\" \/>\n<meta property=\"og:type\" content=\"article\" \/>\n<meta property=\"og:title\" content=\"Kontakt - EA FRANKFURT\" \/>\n<meta property=\"og:description\" content=\"pers\u00f6nlicher Kontakt Regelm\u00e4\u00dfig bietet der EA-Frankfurt am ersten Donnerstag des Monat ab 19.00 Uhr im\u00a0Club Voltaire\u00a0eine\u00a0Sprechstunde\u00a0an, wo rechtliche Fragen gekl\u00e4rt werden k\u00f6nnen und Anw\u00e4ltInnen vermittelt werden k\u00f6nnen. Per Telefon Nummer des Ermittlungsausschusses EA-Frankfurt:&nbsp;0152-15330320. Nur w\u00e4hrend der Demo. Per Mail \u2026erreicht Ihr uns unter&nbsp;info[at]ea-frankfurt.org zur Kommunikation per Mail unseren GPG-Key nutzen: GPG-Key EA-Frankfurt Am Besten mit [&hellip;]\" \/>\n<meta property=\"og:url\" content=\"https:\/\/solikom.de\/ea-frankfurt\/kontakt\/\" \/>\n<meta property=\"og:site_name\" content=\"EA FRANKFURT\" \/>\n<meta property=\"article:modified_time\" content=\"2023-09-07T17:50:55+00:00\" \/>\n<meta name=\"twitter:card\" content=\"summary_large_image\" \/>\n<meta name=\"twitter:label1\" content=\"Gesch\u00e4tzte Lesezeit\" \/>\n\t<meta name=\"twitter:data1\" content=\"1\u00a0Minute\" \/>\n<script type=\"application\/ld+json\" class=\"yoast-schema-graph\">{\"@context\":\"https:\/\/schema.org\",\"@graph\":[{\"@type\":\"WebPage\",\"@id\":\"https:\/\/solikom.de\/ea-frankfurt\/kontakt\/\",\"url\":\"https:\/\/solikom.de\/ea-frankfurt\/kontakt\/\",\"name\":\"Kontakt - EA FRANKFURT\",\"isPartOf\":{\"@id\":\"https:\/\/solikom.de\/ea-frankfurt\/#website\"},\"datePublished\":\"2021-12-28T09:46:20+00:00\",\"dateModified\":\"2023-09-07T17:50:55+00:00\",\"breadcrumb\":{\"@id\":\"https:\/\/solikom.de\/ea-frankfurt\/kontakt\/#breadcrumb\"},\"inLanguage\":\"de\",\"potentialAction\":[{\"@type\":\"ReadAction\",\"target\":[\"https:\/\/solikom.de\/ea-frankfurt\/kontakt\/\"]}]},{\"@type\":\"BreadcrumbList\",\"@id\":\"https:\/\/solikom.de\/ea-frankfurt\/kontakt\/#breadcrumb\",\"itemListElement\":[{\"@type\":\"ListItem\",\"position\":1,\"name\":\"Startseite\",\"item\":\"https:\/\/solikom.de\/ea-frankfurt\/\"},{\"@type\":\"ListItem\",\"position\":2,\"name\":\"Kontakt\"}]},{\"@type\":\"WebSite\",\"@id\":\"https:\/\/solikom.de\/ea-frankfurt\/#website\",\"url\":\"https:\/\/solikom.de\/ea-frankfurt\/\",\"name\":\"EA FRANKFURT\",\"description\":\"Demonstrationsfreiheit durchsetzen\",\"publisher\":{\"@id\":\"https:\/\/solikom.de\/ea-frankfurt\/#organization\"},\"potentialAction\":[{\"@type\":\"SearchAction\",\"target\":{\"@type\":\"EntryPoint\",\"urlTemplate\":\"https:\/\/solikom.de\/ea-frankfurt\/?s={search_term_string}\"},\"query-input\":\"required name=search_term_string\"}],\"inLanguage\":\"de\"},{\"@type\":\"Organization\",\"@id\":\"https:\/\/solikom.de\/ea-frankfurt\/#organization\",\"name\":\"EA FRANKFURT\",\"url\":\"https:\/\/solikom.de\/ea-frankfurt\/\",\"logo\":{\"@type\":\"ImageObject\",\"inLanguage\":\"de\",\"@id\":\"https:\/\/solikom.de\/ea-frankfurt\/#\/schema\/logo\/image\/\",\"url\":\"https:\/\/solikom.de\/ea-frankfurt\/wp-content\/uploads\/2021\/12\/cropped-logo.png\",\"contentUrl\":\"https:\/\/solikom.de\/ea-frankfurt\/wp-content\/uploads\/2021\/12\/cropped-logo.png\",\"width\":240,\"height\":75,\"caption\":\"EA FRANKFURT\"},\"image\":{\"@id\":\"https:\/\/solikom.de\/ea-frankfurt\/#\/schema\/logo\/image\/\"}}]}<\/script>\n<!-- \/ Yoast SEO plugin. -->","yoast_head_json":{"title":"Kontakt - EA FRANKFURT","robots":{"index":"index","follow":"follow","max-snippet":"max-snippet:-1","max-image-preview":"max-image-preview:large","max-video-preview":"max-video-preview:-1"},"canonical":"https:\/\/solikom.de\/ea-frankfurt\/kontakt\/","og_locale":"de_DE","og_type":"article","og_title":"Kontakt - EA FRANKFURT","og_description":"pers\u00f6nlicher Kontakt Regelm\u00e4\u00dfig bietet der EA-Frankfurt am ersten Donnerstag des Monat ab 19.00 Uhr im\u00a0Club Voltaire\u00a0eine\u00a0Sprechstunde\u00a0an, wo rechtliche Fragen gekl\u00e4rt werden k\u00f6nnen und Anw\u00e4ltInnen vermittelt werden k\u00f6nnen. Per Telefon Nummer des Ermittlungsausschusses EA-Frankfurt:&nbsp;0152-15330320. Nur w\u00e4hrend der Demo. Per Mail \u2026erreicht Ihr uns unter&nbsp;info[at]ea-frankfurt.org zur Kommunikation per Mail unseren GPG-Key nutzen: GPG-Key EA-Frankfurt Am Besten mit [&hellip;]","og_url":"https:\/\/solikom.de\/ea-frankfurt\/kontakt\/","og_site_name":"EA FRANKFURT","article_modified_time":"2023-09-07T17:50:55+00:00","twitter_card":"summary_large_image","twitter_misc":{"Gesch\u00e4tzte Lesezeit":"1\u00a0Minute"},"schema":{"@context":"https:\/\/schema.org","@graph":[{"@type":"WebPage","@id":"https:\/\/solikom.de\/ea-frankfurt\/kontakt\/","url":"https:\/\/solikom.de\/ea-frankfurt\/kontakt\/","name":"Kontakt - EA FRANKFURT","isPartOf":{"@id":"https:\/\/solikom.de\/ea-frankfurt\/#website"},"datePublished":"2021-12-28T09:46:20+00:00","dateModified":"2023-09-07T17:50:55+00:00","breadcrumb":{"@id":"https:\/\/solikom.de\/ea-frankfurt\/kontakt\/#breadcrumb"},"inLanguage":"de","potentialAction":[{"@type":"ReadAction","target":["https:\/\/solikom.de\/ea-frankfurt\/kontakt\/"]}]},{"@type":"BreadcrumbList","@id":"https:\/\/solikom.de\/ea-frankfurt\/kontakt\/#breadcrumb","itemListElement":[{"@type":"ListItem","position":1,"name":"Startseite","item":"https:\/\/solikom.de\/ea-frankfurt\/"},{"@type":"ListItem","position":2,"name":"Kontakt"}]},{"@type":"WebSite","@id":"https:\/\/solikom.de\/ea-frankfurt\/#website","url":"https:\/\/solikom.de\/ea-frankfurt\/","name":"EA FRANKFURT","description":"Demonstrationsfreiheit durchsetzen","publisher":{"@id":"https:\/\/solikom.de\/ea-frankfurt\/#organization"},"potentialAction":[{"@type":"SearchAction","target":{"@type":"EntryPoint","urlTemplate":"https:\/\/solikom.de\/ea-frankfurt\/?s={search_term_string}"},"query-input":"required name=search_term_string"}],"inLanguage":"de"},{"@type":"Organization","@id":"https:\/\/solikom.de\/ea-frankfurt\/#organization","name":"EA FRANKFURT","url":"https:\/\/solikom.de\/ea-frankfurt\/","logo":{"@type":"ImageObject","inLanguage":"de","@id":"https:\/\/solikom.de\/ea-frankfurt\/#\/schema\/logo\/image\/","url":"https:\/\/solikom.de\/ea-frankfurt\/wp-content\/uploads\/2021\/12\/cropped-logo.png","contentUrl":"https:\/\/solikom.de\/ea-frankfurt\/wp-content\/uploads\/2021\/12\/cropped-logo.png","width":240,"height":75,"caption":"EA FRANKFURT"},"image":{"@id":"https:\/\/solikom.de\/ea-frankfurt\/#\/schema\/logo\/image\/"}}]}},"_links":{"self":[{"href":"https:\/\/solikom.de\/ea-frankfurt\/wp-json\/wp\/v2\/pages\/18","targetHints":{"allow":["GET"]}}],"collection":[{"href":"https:\/\/solikom.de\/ea-frankfurt\/wp-json\/wp\/v2\/pages"}],"about":[{"href":"https:\/\/solikom.de\/ea-frankfurt\/wp-json\/wp\/v2\/types\/page"}],"author":[{"embeddable":true,"href":"https:\/\/solikom.de\/ea-frankfurt\/wp-json\/wp\/v2\/users\/1"}],"replies":[{"embeddable":true,"href":"https:\/\/solikom.de\/ea-frankfurt\/wp-json\/wp\/v2\/comments?post=18"}],"version-history":[{"count":7,"href":"https:\/\/solikom.de\/ea-frankfurt\/wp-json\/wp\/v2\/pages\/18\/revisions"}],"predecessor-version":[{"id":295,"href":"https:\/\/solikom.de\/ea-frankfurt\/wp-json\/wp\/v2\/pages\/18\/revisions\/295"}],"wp:attachment":[{"href":"https:\/\/solikom.de\/ea-frankfurt\/wp-json\/wp\/v2\/media?parent=18"}],"curies":[{"name":"wp","href":"https:\/\/api.w.org\/{rel}","templated":true}]}}