{"id":198,"date":"2021-12-30T18:01:58","date_gmt":"2021-12-30T18:01:58","guid":{"rendered":"https:\/\/solikom.de\/ea-frankfurt\/?page_id=198"},"modified":"2021-12-30T18:01:58","modified_gmt":"2021-12-30T18:01:58","slug":"hausbesetzungen-in-frankfurt","status":"publish","type":"page","link":"https:\/\/solikom.de\/ea-frankfurt\/archiv\/hausbesetzungen-in-frankfurt\/","title":{"rendered":"Archiv: Hausbesetzungen in Frankfurt"},"content":{"rendered":"\n<div class=\"wp-block-image is-style-default\"><figure class=\"aligncenter\"><img decoding=\"async\" src=\"blob:https:\/\/solikom.de\/34cbb5a2-ac4c-4873-bb57-3b66866f835c\" alt=\"\"\/><\/figure><\/div>\n\n\n\n<hr class=\"wp-block-separator\"\/>\n\n\n\n<h1 class=\"wp-block-heading\">Hausbesetzungen in Frankfurt &#8211; Inhalt<\/h1>\n\n\n\n<p>Auf dieser Seite dokumentieren wir mehrere kurze Berichte zu den Polizeieins\u00e4tzen bei den j\u00fcngsten Hausbesetzungen in Frankfurt:<\/p>\n\n\n\n<ul class=\"wp-block-list\"><li><a href=\"file:\/\/\/Volumes\/MiniStack%201\/Server\/sitesucker\/web.archive.org\/web\/20161228070031\/http%EF%B9%95\/www.ea-frankfurt.org\/projekt01\/index.php%EF%B9%96id=69.html#c144\">Hausbesetzungen im Gallus und an der Messe<\/a>&nbsp;(April 2014)<\/li><li><a href=\"file:\/\/\/Volumes\/MiniStack%201\/Server\/sitesucker\/web.archive.org\/web\/20161228070031\/http%EF%B9%95\/www.ea-frankfurt.org\/projekt01\/index.php%EF%B9%96id=69.html#c141\">Video zur R\u00e4umung der Krifteler Str. 84<\/a>&nbsp;(Sept. 2013)<\/li><li><a href=\"file:\/\/\/Volumes\/MiniStack%201\/Server\/sitesucker\/web.archive.org\/web\/20161228070031\/http%EF%B9%95\/www.ea-frankfurt.org\/projekt01\/index.php%EF%B9%96id=69.html#c143\">Brutaler Polizeieinsatz bei der R\u00e4umung der Krifteler Str. 84<\/a>&nbsp;(Sept. 2013)<\/li><\/ul>\n\n\n\n<hr class=\"wp-block-separator\"\/>\n\n\n\n<h1 class=\"wp-block-heading\">Hausbesetzungen im Gallus und an der Messe<\/h1>\n\n\n\n<h2 class=\"wp-block-heading\">Hausbesetzungen in der Weilburgerstra\u00dfe\/Hohenstaufenstra\u00dfe<\/h2>\n\n\n\n<p>Am Sonntag, dem 20.4.14, sind zeitgleich zwei H\u00e4user im Gallusviertel (Weilburger Stra\u00dfe 17) und an der Messe (an der Hohenstaufenstra\u00dfe) besetzt worden. Unter dem Motto&nbsp;<em>\u2018Kritisches Denken braucht und nimmt sich Zeit und Raum! Ein Jahr ohne IvI ist genug!\u2019<\/em>&nbsp;wollten die&nbsp;<a href=\"\/\/\/Volumes\/MiniStack%201\/Server\/sitesucker\/web.archive.org\/web\/20151003171224\/https%EF%B9%95\/iviresurrection.wordpress.com\/2014\/04\/20\/kritisches-denken-braucht-und-nimmt-sich-zeit-und-raum-ein-jahr-ohne-ivi-ist-genug\/index.html\" target=\"_blank\" rel=\"noreferrer noopener\">Besetzer*innen<\/a>&nbsp;an das Konzept des vor einem Jahr ger\u00e4umten Instituts f\u00fcr vergleichende Irrelevanz ankn\u00fcpfen und Raum f\u00fcr selbstverwaltete Politik und Kultur schaffen.&nbsp;<\/p>\n\n\n\n<p>Am Montagnachmittag haben die Aktivist*innen das Haus in der Weilburger Stra\u00dfe nach einem absurden 22-st\u00fcndigen Belagerungszustand durch die Polizei und einem Strafantrag des Besitzers&nbsp;<a href=\"\/\/\/Volumes\/MiniStack%201\/Server\/sitesucker\/web.archive.org\/web\/20151007024844\/https%EF%B9%95\/unloesbareaufgaben.wordpress.com\/2014\/04\/21\/pressemitteilung-1400\/index.html\" target=\"_blank\" rel=\"noreferrer noopener\">verlassen<\/a>. Am Dienstag wurde auch das Geb\u00e4ude in der Hohenstaufenstr. 16 von der Polizei ger\u00e4umt und die Personalien der Personen aus dem Haus aufgenommen.<em>&nbsp;\u2018Weg f\u00fcr Abriss frei\u2019&nbsp;<\/em>&nbsp;berichtet der Hessische Rundfunk. Herzlichen Gl\u00fcckwunsch.&nbsp;<\/p>\n\n\n\n<p>Die n\u00e4chste Sprechstunde des EA Frankfurts findet am 9.5. um 19 Uhr im Club Voltaire statt.<\/p>\n\n\n\n<p>EA Frankfurt, 22.4.14<\/p>\n\n\n\n<p><em>Weitere Infos zu den Hausbesetzungen unter:&nbsp;<\/em><br><a href=\"\/\/\/Volumes\/MiniStack%201\/Server\/sitesucker\/web.archive.org\/web\/20161110102550\/https%EF%B9%95\/unloesbareaufgaben.wordpress.com\/index.html\" target=\"_blank\" rel=\"noreferrer noopener\">http:\/\/unloesbareaufgaben.wordpress.com\/<\/a><br><a href=\"\/\/\/Volumes\/MiniStack%201\/Server\/sitesucker\/web.archive.org\/web\/20140818141731\/http%EF%B9%95\/www.fr-online.de\/frankfurt\/ivi-im-gallus-besetztes--haus-ist--geraeumt,1472798,26907618.html\" target=\"_blank\" rel=\"noreferrer noopener\">Frankfurter Rundschau, 22.4.14<\/a><br><a href=\"\/\/\/Volumes\/MiniStack%201\/Server\/sitesucker\/web.archive.org\/web\/20140818061701\/http%EF%B9%95\/www.fr-online.de\/frankfurt\/ivi-aktivisten-zwei-haeuser-im-gallus-besetzt,1472798,26894666.html\" target=\"_blank\" rel=\"noreferrer noopener\">Frankfurter Rundschau, 20.4.14<\/a><\/p>\n\n\n\n<hr class=\"wp-block-separator\"\/>\n\n\n\n<h1 class=\"wp-block-heading\">Video zur R\u00e4umung der Krifteler Str. 84<\/h1>\n\n\n\n<h2 class=\"wp-block-heading\">Initiative Communal West legt Videodokumentation vor<\/h2>\n\n\n\n<p>Nach der R\u00e4umung des besetzten Geb\u00e4udes in der Kriftelerstra\u00dfe 84 am 7. September hat das Medienkollektiv \u2018Direct Media Action FFM\u2019 eine knapp 20-min\u00fctige&nbsp;<a href=\"\/\/\/Volumes\/MiniStack%201\/Server\/sitesucker\/web.archive.org\/web\/20160926031033\/https%EF%B9%95\/vimeo.com\/74535509.html\" target=\"_blank\" rel=\"noreferrer noopener\">Videodokumentation zum Polizeieinsatz<\/a>&nbsp;ver\u00f6ffentlicht. Darin wird der Angriff einer Gruppe von 5-6 Zivilpolizisten auf die Nutzer*innen des Hauses, die sich am Samstagabend vor dem Geb\u00e4ude aufgehalten hatten, an Hand von Zeug*innenaussagen und kurzen Videosequenzen wiedergegeben. Viele der Angegriffenen hatten die mit Teleskopschlagst\u00f6cken bewaffneten und z.T. recht martialisch aussehenden Zivilbeamten zun\u00e4chst f\u00fcr eine Gruppe von Nazis oder Hooligans gehalten, da diese sich erst nach einigen Minuten als Polizisten zu erkennen gaben, als auch die erste uniformierte Beweissicherungs- und Festnahmeeinheit der Polizei am Ort des Geschehens eintraf.<\/p>\n\n\n\n<p>Strafanzeige gegen die Besetzer*innen war zuvor vom Frankfurter Liegenschaftsamt, das dem gr\u00fcnen B\u00fcrgermeister Olaf Cunitz untersteht, erstattet worden. Absurderweise wollen 7 Tage sp\u00e4ter laut&nbsp;<a href=\"\/\/\/Volumes\/MiniStack%201\/Server\/sitesucker\/web.archive.org\/web\/20131120031615\/http%EF%B9%95\/www.fr-online.de\/frankfurt\/hausbesetzung-debatte-cunitz-gegen-raeumungen,1472798,24309680.html\" target=\"_blank\" rel=\"noreferrer noopener\">Frankfurter Rundschau vom 14.9.<\/a>&nbsp;weder Olaf Cunitz noch der Leiter des Liegenschaftsamtes, Alfred Gangel, f\u00fcr die R\u00e4umungsanordnung verantwortlich sein. Dem polizeilichen Trauerspiel folgt nun die politische Farce.<\/p>\n\n\n\n<p>Weitere Informationen zu dem Stadtteilzentrum \u201cBlauer Block\u201d, das von der Initiative \u201cCommunal West\u201d in der Kriftelerstr. 84 eingerichtet werden sollte, dem Polizeieinsatz und seinen Folgen unter&nbsp;<a href=\"\/\/\/Volumes\/MiniStack%201\/Server\/sitesucker\/web.archive.org\/web\/20160826071455\/http%EF%B9%95\/blauer.blogsport.de\/index.html\" target=\"_blank\" rel=\"noreferrer noopener\">http:\/\/blauer.blogsport.de\/<\/a>.<br><br>EA Frankfurt, 15.9.13<\/p>\n\n\n\n<hr class=\"wp-block-separator\"\/>\n\n\n\n<h1 class=\"wp-block-heading\">R\u00e4umung der Krifteler Str. 84<\/h1>\n\n\n\n<h2 class=\"wp-block-heading\">Brutaler Polizeieinsatz bei R\u00e4umung im Gallus<\/h2>\n\n\n\n<p>Am Samstagabend hat die Polizei die Besetzung des Geb\u00e4udes in der Krifteler Str. 84 im Frankfurter Gallusviertel durch die Initiative&nbsp;<a href=\"\/\/\/Volumes\/MiniStack%201\/Server\/sitesucker\/web.archive.org\/web\/20160826071455\/http%EF%B9%95\/blauer.blogsport.de\/index.html\" target=\"_blank\" rel=\"noreferrer noopener\">Communal West<\/a>&nbsp;mit einem brutalen Einsatz beendet. Damit wurden die Pl\u00e4ne der Initiative, ein selbstverwaltetes Stadtteilzentrum im Gallus einzurichten, nach knapp 24 Stunden Besetztung durch Stadt und Polizei zunichte gemacht.&nbsp;<\/p>\n\n\n\n<p>In einer Pressemitteilungen schildert die Initiative, wie die Nutzer*innen des Geb\u00e4udes, die sich am Samstag gegen 18.30 Uhr vor dem Haus aufgehalten h\u00e4tten, von ca. 5-6 Zivilpolizisten mit Teleskopschlagst\u00f6cken \u00fcberfallen worden seien. Mehrere Augenzeug*innen seien aufgrund der Kleidung und der \u00e4u\u00dferen Erscheinung der Angreifer zun\u00e4chst von einem Nazi-Angriff ausgegangen. Erst als nach mehreren Minuten weitere uniformierte Spezialeinheiten der Polizei hinzugekommen seien, h\u00e4tten sich die zivilen Angreifer als Polizisten zu erkennen gegeben.&nbsp;<\/p>\n\n\n\n<p>Im Anschluss an den Angriff, der vermutlich dazu dienen sollte, die Besetzer*innen einzusch\u00fcchtern oder ihnen in polizeilicher Eigenregie einen \u201cDenkzettel\u201d zu verpassen, wurden ca. 30 Aktivist*innen vor dem Geb\u00e4ude eingekesselt. Sie mussten ihre Personalien abgeben, wurden fotografiert und an Ort und Stelle wieder entlassen. Ihnen wird nun \u201cHausfriedensbruch\u201d vorgeworfen. Strafanzeige war laut dem bei der R\u00e4umung anwesenden Leiter des Frankfurter Liegenschaftsamts, Alfred Gangel, von der Stadt Frankfurt erstattet worden.&nbsp;<\/p>\n\n\n\n<p>Wir bitten alle Personen, die den Angriff der Zivilpolizisten beobachtet haben oder verletzt worden sind,&nbsp;<a href=\"https:\/\/web.archive.org\/web\/20161228070031\/http:\/\/www.ea-frankfurt.org\/\/projekt01\/index.php?id=45\">Ged\u00e4chtnisprotokolle<\/a>&nbsp;zu verfassen. Wenn ihr&nbsp;<strong>Verletzungen<\/strong>&nbsp;durch die Polizei erlitten habt, solltet ihr diese au\u00dferdem so bald wie m\u00f6glich \u00e4rztlich attestieren lassen. Sowohl&nbsp;<a href=\"\/\/\/Volumes\/MiniStack%201\/Server\/sitesucker\/web.archive.org\/web\/20161013171457\/https%EF%B9%95\/akrechtunifrankfurt.wordpress.com\/index.html\" target=\"_blank\" rel=\"noreferrer noopener\">AK Recht<\/a>&nbsp;als auch EA Frankfurt bieten in dieser Woche offene Sprechstunden an, wo ihr euch rechtlich beraten lassen k\u00f6nnt:<\/p>\n\n\n\n<ul class=\"wp-block-list\"><li>AK Recht: Dienstag, 10.9., 21 Uhr im Studierendenhaus Campus Bockenheim<\/li><li>EA Frankfurt: Freitag, 13.9.13, 20 Uhr, im&nbsp;<a href=\"\/\/\/Volumes\/MiniStack%201\/Server\/sitesucker\/web.archive.org\/web\/20161125110738\/http%EF%B9%95\/faitesvotrejeu.blogsport.de\/kontakt\/index.html\" target=\"_blank\" rel=\"noreferrer noopener\">Klapperfeld<\/a>&nbsp;(Klapperfeldstr. 5)<\/li><\/ul>\n\n\n\n<p>Wer&nbsp;<strong>Foto- oder Videoaufnahmen<\/strong>&nbsp;vom Polizeieinsatz gemacht hat, sollte diese sicher (z.B. verschl\u00fcsselt) verwahren und erst nach R\u00fccksprache bei einem der beiden Beratungstermine ver\u00f6ffentlichen. Unzureichend anonymisierte Aufnahmen k\u00f6nnten euch oder andere gef\u00e4hrden.&nbsp;<\/p>\n\n\n\n<p>EA Frankfurt, 9.9.2013<\/p>\n\n\n\n<p><strong>Weitere Infos zum Polizeieinsatz:<\/strong><\/p>\n\n\n\n<p><a href=\"\/\/\/Volumes\/MiniStack%201\/Server\/sitesucker\/web.archive.org\/web\/20160826071455\/http%EF%B9%95\/blauer.blogsport.de\/index.html\" target=\"_blank\" rel=\"noreferrer noopener\">Initiative Communal West<\/a><br><a href=\"\/\/\/Volumes\/MiniStack%201\/Server\/sitesucker\/web.archive.org\/web\/20131120031615\/http%EF%B9%95\/www.fr-online.de\/frankfurt\/hausbesetzung-debatte-cunitz-gegen-raeumungen,1472798,24309680.html\" target=\"_blank\" rel=\"noreferrer noopener\">Frankfurter Rundschau, 14.9.13<\/a><br><a href=\"\/\/\/Volumes\/MiniStack%201\/Server\/sitesucker\/web.archive.org\/web\/20140403030000\/http%EF%B9%95\/www.taz.de\/!123469\/index.html\" target=\"_blank\" rel=\"noreferrer noopener\">taz, 10.9.13<\/a><br><a href=\"\/\/\/Volumes\/MiniStack%201\/Server\/sitesucker\/web.archive.org\/web\/20170117075145\/http%EF%B9%95\/www.fr-online.de\/frankfurt\/gallus-hausbesetzung-demo-gegen-hausraeumung-im-gallus,1472798,24259976.html\" target=\"_blank\" rel=\"noreferrer noopener\">Frankfurter Rundschau, 9.9.13<\/a><br><a href=\"\/\/\/Volumes\/MiniStack%201\/Server\/sitesucker\/web.archive.org\/web\/20130913043123\/http%EF%B9%95\/www.linksnavigator.de\/node\/3512.html\" target=\"_blank\" rel=\"noreferrer noopener\">Linksnavigator, 8.9.13<\/a><\/p>\n","protected":false},"excerpt":{"rendered":"<p>Hausbesetzungen in Frankfurt &#8211; Inhalt Auf dieser Seite dokumentieren wir mehrere kurze Berichte zu den Polizeieins\u00e4tzen bei den j\u00fcngsten Hausbesetzungen in Frankfurt: Hausbesetzungen im Gallus und an der Messe&nbsp;(April 2014) Video zur R\u00e4umung der Krifteler Str. 84&nbsp;(Sept. 2013) Brutaler Polizeieinsatz bei der R\u00e4umung der Krifteler Str. 84&nbsp;(Sept. 2013) Hausbesetzungen im Gallus und an der Messe [&hellip;]<\/p>\n","protected":false},"author":1,"featured_media":0,"parent":176,"menu_order":0,"comment_status":"closed","ping_status":"closed","template":"","meta":{"footnotes":""},"class_list":["post-198","page","type-page","status-publish","hentry"],"yoast_head":"<!-- This site is optimized with the Yoast SEO plugin v23.3 - https:\/\/yoast.com\/wordpress\/plugins\/seo\/ -->\n<title>Archiv: Hausbesetzungen in Frankfurt - EA FRANKFURT<\/title>\n<meta name=\"robots\" content=\"index, follow, max-snippet:-1, max-image-preview:large, max-video-preview:-1\" \/>\n<link rel=\"canonical\" href=\"https:\/\/solikom.de\/ea-frankfurt\/archiv\/hausbesetzungen-in-frankfurt\/\" \/>\n<meta property=\"og:locale\" content=\"de_DE\" \/>\n<meta property=\"og:type\" content=\"article\" \/>\n<meta property=\"og:title\" content=\"Archiv: Hausbesetzungen in Frankfurt - EA FRANKFURT\" \/>\n<meta property=\"og:description\" content=\"Hausbesetzungen in Frankfurt &#8211; Inhalt Auf dieser Seite dokumentieren wir mehrere kurze Berichte zu den Polizeieins\u00e4tzen bei den j\u00fcngsten Hausbesetzungen in Frankfurt: Hausbesetzungen im Gallus und an der Messe&nbsp;(April 2014) Video zur R\u00e4umung der Krifteler Str. 84&nbsp;(Sept. 2013) Brutaler Polizeieinsatz bei der R\u00e4umung der Krifteler Str. 84&nbsp;(Sept. 2013) Hausbesetzungen im Gallus und an der Messe [&hellip;]\" \/>\n<meta property=\"og:url\" content=\"https:\/\/solikom.de\/ea-frankfurt\/archiv\/hausbesetzungen-in-frankfurt\/\" \/>\n<meta property=\"og:site_name\" content=\"EA FRANKFURT\" \/>\n<meta property=\"og:image\" content=\"\" \/>\n<meta name=\"twitter:card\" content=\"summary_large_image\" \/>\n<meta name=\"twitter:label1\" content=\"Gesch\u00e4tzte Lesezeit\" \/>\n\t<meta name=\"twitter:data1\" content=\"5\u00a0Minuten\" \/>\n<script type=\"application\/ld+json\" class=\"yoast-schema-graph\">{\"@context\":\"https:\/\/schema.org\",\"@graph\":[{\"@type\":\"WebPage\",\"@id\":\"https:\/\/solikom.de\/ea-frankfurt\/archiv\/hausbesetzungen-in-frankfurt\/\",\"url\":\"https:\/\/solikom.de\/ea-frankfurt\/archiv\/hausbesetzungen-in-frankfurt\/\",\"name\":\"Archiv: Hausbesetzungen in Frankfurt - EA FRANKFURT\",\"isPartOf\":{\"@id\":\"https:\/\/solikom.de\/ea-frankfurt\/#website\"},\"datePublished\":\"2021-12-30T18:01:58+00:00\",\"dateModified\":\"2021-12-30T18:01:58+00:00\",\"breadcrumb\":{\"@id\":\"https:\/\/solikom.de\/ea-frankfurt\/archiv\/hausbesetzungen-in-frankfurt\/#breadcrumb\"},\"inLanguage\":\"de\",\"potentialAction\":[{\"@type\":\"ReadAction\",\"target\":[\"https:\/\/solikom.de\/ea-frankfurt\/archiv\/hausbesetzungen-in-frankfurt\/\"]}]},{\"@type\":\"BreadcrumbList\",\"@id\":\"https:\/\/solikom.de\/ea-frankfurt\/archiv\/hausbesetzungen-in-frankfurt\/#breadcrumb\",\"itemListElement\":[{\"@type\":\"ListItem\",\"position\":1,\"name\":\"Startseite\",\"item\":\"https:\/\/solikom.de\/ea-frankfurt\/\"},{\"@type\":\"ListItem\",\"position\":2,\"name\":\"Archiv\",\"item\":\"https:\/\/solikom.de\/ea-frankfurt\/archiv\/\"},{\"@type\":\"ListItem\",\"position\":3,\"name\":\"Archiv: Hausbesetzungen in Frankfurt\"}]},{\"@type\":\"WebSite\",\"@id\":\"https:\/\/solikom.de\/ea-frankfurt\/#website\",\"url\":\"https:\/\/solikom.de\/ea-frankfurt\/\",\"name\":\"EA FRANKFURT\",\"description\":\"Demonstrationsfreiheit durchsetzen\",\"publisher\":{\"@id\":\"https:\/\/solikom.de\/ea-frankfurt\/#organization\"},\"potentialAction\":[{\"@type\":\"SearchAction\",\"target\":{\"@type\":\"EntryPoint\",\"urlTemplate\":\"https:\/\/solikom.de\/ea-frankfurt\/?s={search_term_string}\"},\"query-input\":\"required name=search_term_string\"}],\"inLanguage\":\"de\"},{\"@type\":\"Organization\",\"@id\":\"https:\/\/solikom.de\/ea-frankfurt\/#organization\",\"name\":\"EA FRANKFURT\",\"url\":\"https:\/\/solikom.de\/ea-frankfurt\/\",\"logo\":{\"@type\":\"ImageObject\",\"inLanguage\":\"de\",\"@id\":\"https:\/\/solikom.de\/ea-frankfurt\/#\/schema\/logo\/image\/\",\"url\":\"https:\/\/solikom.de\/ea-frankfurt\/wp-content\/uploads\/2021\/12\/cropped-logo.png\",\"contentUrl\":\"https:\/\/solikom.de\/ea-frankfurt\/wp-content\/uploads\/2021\/12\/cropped-logo.png\",\"width\":240,\"height\":75,\"caption\":\"EA FRANKFURT\"},\"image\":{\"@id\":\"https:\/\/solikom.de\/ea-frankfurt\/#\/schema\/logo\/image\/\"}}]}<\/script>\n<!-- \/ Yoast SEO plugin. -->","yoast_head_json":{"title":"Archiv: Hausbesetzungen in Frankfurt - EA FRANKFURT","robots":{"index":"index","follow":"follow","max-snippet":"max-snippet:-1","max-image-preview":"max-image-preview:large","max-video-preview":"max-video-preview:-1"},"canonical":"https:\/\/solikom.de\/ea-frankfurt\/archiv\/hausbesetzungen-in-frankfurt\/","og_locale":"de_DE","og_type":"article","og_title":"Archiv: Hausbesetzungen in Frankfurt - EA FRANKFURT","og_description":"Hausbesetzungen in Frankfurt &#8211; Inhalt Auf dieser Seite dokumentieren wir mehrere kurze Berichte zu den Polizeieins\u00e4tzen bei den j\u00fcngsten Hausbesetzungen in Frankfurt: Hausbesetzungen im Gallus und an der Messe&nbsp;(April 2014) Video zur R\u00e4umung der Krifteler Str. 84&nbsp;(Sept. 2013) Brutaler Polizeieinsatz bei der R\u00e4umung der Krifteler Str. 84&nbsp;(Sept. 2013) Hausbesetzungen im Gallus und an der Messe [&hellip;]","og_url":"https:\/\/solikom.de\/ea-frankfurt\/archiv\/hausbesetzungen-in-frankfurt\/","og_site_name":"EA FRANKFURT","og_image":[{"url":"blob:https:\/\/solikom.de\/34cbb5a2-ac4c-4873-bb57-3b66866f835c"}],"twitter_card":"summary_large_image","twitter_misc":{"Gesch\u00e4tzte Lesezeit":"5\u00a0Minuten"},"schema":{"@context":"https:\/\/schema.org","@graph":[{"@type":"WebPage","@id":"https:\/\/solikom.de\/ea-frankfurt\/archiv\/hausbesetzungen-in-frankfurt\/","url":"https:\/\/solikom.de\/ea-frankfurt\/archiv\/hausbesetzungen-in-frankfurt\/","name":"Archiv: Hausbesetzungen in Frankfurt - EA FRANKFURT","isPartOf":{"@id":"https:\/\/solikom.de\/ea-frankfurt\/#website"},"datePublished":"2021-12-30T18:01:58+00:00","dateModified":"2021-12-30T18:01:58+00:00","breadcrumb":{"@id":"https:\/\/solikom.de\/ea-frankfurt\/archiv\/hausbesetzungen-in-frankfurt\/#breadcrumb"},"inLanguage":"de","potentialAction":[{"@type":"ReadAction","target":["https:\/\/solikom.de\/ea-frankfurt\/archiv\/hausbesetzungen-in-frankfurt\/"]}]},{"@type":"BreadcrumbList","@id":"https:\/\/solikom.de\/ea-frankfurt\/archiv\/hausbesetzungen-in-frankfurt\/#breadcrumb","itemListElement":[{"@type":"ListItem","position":1,"name":"Startseite","item":"https:\/\/solikom.de\/ea-frankfurt\/"},{"@type":"ListItem","position":2,"name":"Archiv","item":"https:\/\/solikom.de\/ea-frankfurt\/archiv\/"},{"@type":"ListItem","position":3,"name":"Archiv: Hausbesetzungen in Frankfurt"}]},{"@type":"WebSite","@id":"https:\/\/solikom.de\/ea-frankfurt\/#website","url":"https:\/\/solikom.de\/ea-frankfurt\/","name":"EA FRANKFURT","description":"Demonstrationsfreiheit durchsetzen","publisher":{"@id":"https:\/\/solikom.de\/ea-frankfurt\/#organization"},"potentialAction":[{"@type":"SearchAction","target":{"@type":"EntryPoint","urlTemplate":"https:\/\/solikom.de\/ea-frankfurt\/?s={search_term_string}"},"query-input":"required name=search_term_string"}],"inLanguage":"de"},{"@type":"Organization","@id":"https:\/\/solikom.de\/ea-frankfurt\/#organization","name":"EA FRANKFURT","url":"https:\/\/solikom.de\/ea-frankfurt\/","logo":{"@type":"ImageObject","inLanguage":"de","@id":"https:\/\/solikom.de\/ea-frankfurt\/#\/schema\/logo\/image\/","url":"https:\/\/solikom.de\/ea-frankfurt\/wp-content\/uploads\/2021\/12\/cropped-logo.png","contentUrl":"https:\/\/solikom.de\/ea-frankfurt\/wp-content\/uploads\/2021\/12\/cropped-logo.png","width":240,"height":75,"caption":"EA FRANKFURT"},"image":{"@id":"https:\/\/solikom.de\/ea-frankfurt\/#\/schema\/logo\/image\/"}}]}},"_links":{"self":[{"href":"https:\/\/solikom.de\/ea-frankfurt\/wp-json\/wp\/v2\/pages\/198","targetHints":{"allow":["GET"]}}],"collection":[{"href":"https:\/\/solikom.de\/ea-frankfurt\/wp-json\/wp\/v2\/pages"}],"about":[{"href":"https:\/\/solikom.de\/ea-frankfurt\/wp-json\/wp\/v2\/types\/page"}],"author":[{"embeddable":true,"href":"https:\/\/solikom.de\/ea-frankfurt\/wp-json\/wp\/v2\/users\/1"}],"replies":[{"embeddable":true,"href":"https:\/\/solikom.de\/ea-frankfurt\/wp-json\/wp\/v2\/comments?post=198"}],"version-history":[{"count":1,"href":"https:\/\/solikom.de\/ea-frankfurt\/wp-json\/wp\/v2\/pages\/198\/revisions"}],"predecessor-version":[{"id":199,"href":"https:\/\/solikom.de\/ea-frankfurt\/wp-json\/wp\/v2\/pages\/198\/revisions\/199"}],"up":[{"embeddable":true,"href":"https:\/\/solikom.de\/ea-frankfurt\/wp-json\/wp\/v2\/pages\/176"}],"wp:attachment":[{"href":"https:\/\/solikom.de\/ea-frankfurt\/wp-json\/wp\/v2\/media?parent=198"}],"curies":[{"name":"wp","href":"https:\/\/api.w.org\/{rel}","templated":true}]}}