{"id":220,"date":"2022-01-12T05:22:30","date_gmt":"2022-01-12T05:22:30","guid":{"rendered":"https:\/\/solikom.de\/ea-frankfurt\/?page_id=220"},"modified":"2022-01-12T05:47:59","modified_gmt":"2022-01-12T05:47:59","slug":"verhaltentipps-bei-demonstrationen","status":"publish","type":"page","link":"https:\/\/solikom.de\/ea-frankfurt\/demo-1x1\/verhaltentipps-bei-demonstrationen\/","title":{"rendered":"Verhaltentipps bei Demonstrationen             EA- Nummer: 0152 &#8211; 15330320"},"content":{"rendered":"\n<div class=\"wp-block-media-text alignwide is-stacked-on-mobile\" style=\"grid-template-columns:25% auto\"><figure class=\"wp-block-media-text__media\"><img fetchpriority=\"high\" decoding=\"async\" width=\"213\" height=\"300\" src=\"https:\/\/solikom.de\/ea-frankfurt\/wp-content\/uploads\/ea-flyer03-2018de-a5web-213x300.jpg\" alt=\"\" class=\"wp-image-223 size-medium\" srcset=\"https:\/\/solikom.de\/ea-frankfurt\/wp-content\/uploads\/ea-flyer03-2018de-a5web-213x300.jpg 213w, https:\/\/solikom.de\/ea-frankfurt\/wp-content\/uploads\/ea-flyer03-2018de-a5web.jpg 425w\" sizes=\"(max-width: 213px) 100vw, 213px\" \/><\/figure><div class=\"wp-block-media-text__content\">\n<p class=\"has-medium-font-size\">Diesen EA-Flyer gibt es als Handzettel (DinA5) in verschiedenen Sprachen. <br>Bitte downloaden und ausdrucken!<\/p>\n<\/div><\/div>\n\n\n\n<p><strong>Vor der Demo<\/strong><\/p>\n\n\n\n<ul class=\"wp-block-list\"><li>\u0090 geht auf Vorbereitungstreffen<\/li><li>\u0090 organisiert euch, bildet Gruppen<\/li><li>\u0090 EA-Nummer notieren: 0152 &#8211; 15330320<\/li><\/ul>\n\n\n\n<p><strong>Ausr\u00fcstung<\/strong><\/p>\n\n\n\n<ul class=\"wp-block-list\"><li><strong>Mitnehmen:<\/strong><\/li><li>\u0090 G\u00fcltiger Personalausweis<\/li><li>\u0090 Stift, Papier, Telefonkarte &amp; ausreichend Geld<\/li><li>\u0090 Ben\u00f6tigte Medikamente<\/li><li>\u0090 Angemessene Kleidung (evtl. Klamotten zum Wechseln)<\/li><li>\u0090 Verpflegung &amp; Stadtplan<\/li><\/ul>\n\n\n\n<ul class=\"wp-block-list\"><li><strong>Nie mitnehmen:<\/strong><\/li><li>\u0090 Alkohol und andere Drogen<\/li><li>\u0090 Adressb\u00fccher, auch nicht im Handy gespeicherte\u0090 Daten(z.B USB-Stick) und andere pers\u00f6nliche Aufzeichnungen<\/li><\/ul>\n\n\n\n<ul class=\"wp-block-list\"><li><strong>Nie tun:<\/strong><\/li><li>\u0090 Keine Bilder und Videos von Aktionen online stellen. Dies dient dem Schutz aller Beteiligten.<\/li><\/ul>\n\n\n\n<p><strong>Bei der Demo<\/strong><\/p>\n\n\n\n<ul class=\"wp-block-list\"><li>\u0090 Die Demo geschlossen halten (bei Bedarf Ketten bilden)<\/li><li>\u0090 Beim Weggehen Absprachen treffen<\/li><li>\u0090 Ruhig bleiben und keine Ger\u00fcchte sch\u00fcren<\/li><li>\u0090 Die Demo am Ende gemeinsam verlassen<\/li><\/ul>\n\n\n\n<p><strong>Festnahme \u2013 und dann?<\/strong><\/p>\n\n\n\n<ul class=\"wp-block-list\"><li><strong>\u0090 Bei Festnahme laut deinen Namen und Wohnort rufen.<\/strong><\/li><li>\u0090 Die Polizei kann Personalien feststellen, d.h. den Ausweis und Angabe von Name, Vorna- me, Adresse, Geburtsdatum und \u2013ort, allg. Berufsbezeichnung (z.B. Arbeiterin, Angestell- teR, StudentIn) verlangen aber <strong>nicht <\/strong>Schule, Arbeitsstelle, Angabe zu Eltern, sonstigen pers\u00f6nlichen Verh\u00e4ltnissen etc.<\/li><li>\u0090 <strong>Du solltest nichts unterschreiben.<\/strong> Du kannst in einer derartigen Situation nicht \u00fcberblicken, welche Auswirkungen deine Unterschrift haben kann.<\/li><li>\u0090 Du bist auch <strong>nicht<\/strong> zu einer Unterschrift verpflichtet. Dir k\u00f6nnen aus der Verweigerung deiner Unterschrift keine Nachteile entstehen.<\/li><\/ul>\n\n\n\n<p><strong>Verh\u00f6r:<\/strong><\/p>\n\n\n\n<p><strong>Bestehe auf deine Rechte.<\/strong><\/p>\n\n\n\n<ul class=\"wp-block-list\"><li>\u0090 Du hast das Recht auf einen <strong>Anruf<\/strong> (EA, Anw\u00e4ltIn) nach \u00a7 34 II HSOG.<\/li><li>\u0090 Wenn du JugendlicheR (bis 18) oder HeranwachsendeR (bis 21) bist, haben deine Eltern <strong>umgehend<\/strong> das Recht zu erfahren, wo du festgehalten wirst bzw. was mit dir passiert. Es gelten viel strengere Vorschriften, die der Polizei vorschreiben wie sie mit dir umzugehen hat (PDV 382).<\/li><li>\u0090 Bei einer Verletzung hast du ein Recht auf \u00e4rztliche Behandlung.<\/li><\/ul>\n\n\n\n<p><strong>Mache keinesfalls Angaben zur Sache!<\/strong><br><br>(Aussageverweigerung nach \u00a7 12 Abs. II HSOG) Auch au\u00dferhalb der Vernehmung.<\/p>\n\n\n\n<ul class=\"wp-block-list\"><li>\u0090 <strong>Keine<\/strong> Gespr\u00e4che mit der Polizei.<\/li><li>Jedes Gespr\u00e4ch ist eine Vernehmung.<\/li><li>Alles, was du dabei sagst, kann und <strong>wird<\/strong> gegen dich und deine FreundInnen verwendet werden, selbst wenn du glaubst, Entlastendes zu sagen.<\/li><li>\u0090 Falle auf keine Versprechungen der Polizei rein, sie kann sie eh nicht einhalten!<\/li><li>\u0090 Lasse dich durch keine Drohungen einsch\u00fcch- tern.<\/li><li>\u0090 <strong>Keine<\/strong> Gespr\u00e4che \u00fcber Tatherg\u00e4nge. Vorsicht vor Spitzeln und Wanzen!<\/li><li>\u0090 Die Polizei darf dich l\u00e4ngstens bis 24 Uhr des n\u00e4chsten Tages festhalten. Bei weiterer Haft- dauer musst du dem Haftrichter vorgef\u00fchrt werden.<\/li><li>\u0090 Es kann auch passieren, dass du vor einer Aktion\/Demo in Gewahrsam genommen wirst, l\u00e4ngstens bis zum Ende der Aktion. Dann unbedingt richterliche Vorf\u00fchrung fordern.<\/li><li>\u0090 Oder du bekommst einen Platzverweis, also das Verbot, einen bestimmten Platz zu be- treten. Wenn du es dennoch tust, kann es zu einer Ingewahrsamnahme kommen.<\/li><\/ul>\n\n\n\n<p><strong>ED-Behandlung:<\/strong><\/p>\n\n\n\n<ul class=\"wp-block-list\"><li>\u0090 Es kann sein, dass Du erkennungsdienstlich behandelt wirst (Fingerabdruck, Foto). Dies sagt nichts aus \u00fcber den Tatvorwurf.<\/li><li>\u0090 Du hast <strong>keine<\/strong> rechtliche M\u00f6glichkeit, die ED-Behandlung zu verhindern, aber bleibt souver\u00e4n und lass\u2019 Dir nicht alles gefallen!<\/li><li>\u0090 Mache <strong>keine<\/strong> Angaben zu sonstigen per- s\u00f6nlichen Merkmalen (Muttermale, Narben, Tatoos etc.)<\/li><li>\u0090<strong> In jeden Fall<\/strong> solltest du Widerspruch gegen die ED-Behandlung einlegen.<\/li><li>\u0090 Achte darauf, dass dein <strong>Widerspruch<\/strong> zu Protokoll genommen wird.<\/li><li>\u0090 Auch hier <strong>nichts<\/strong> unterschreiben.<\/li><\/ul>\n\n\n\n<p><strong>Nach der Freilassung<\/strong><\/p>\n\n\n\n<ul class=\"wp-block-list\"><li>\u0090 Rufe den EA an und sage, dass du wieder drau\u00dfen bist.<\/li><li>\u0090 Fertige sofort ein schriftliches <strong>Ged\u00e4chtnisprotokoll <\/strong>(GP) an, mit Angabe der Umst\u00e4nde der eigenen Festnahme und Festnahme anderer.<\/li><li>\u0090 Es ist wichtig, dass du das GP so genau und detailliert wie m\u00f6glich schreibst, besonders die Art und Weise deiner Festnahme und was mit euch gemacht wurde. Soweit m\u00f6glich, schreibe die Adressen der ZeugInnen und dei- ner Mitgefangenen auf. Bringe das Protokoll zum EA oder zu Anw\u00e4ltin\/Anwalt.<\/li><li>\u0090 Lasse Verletzungen umgehend behandeln. Lass dir ein Attest \u00fcber deine Verletzung ausstellen. Du bist nicht verpflichtet, Angaben zum Verletzungshergang zu machen.<\/li><\/ul>\n\n\n\n<p><strong>Verhalten als ZeugIn<\/strong><\/p>\n\n\n\n<ul class=\"wp-block-list\"><li>\u0090 Siehst Du eine Festnahme, bem\u00fche dich um Namen und Adresse der Festgenommenen und weiterer ZeugInnen, notiere Ort, Umst\u00e4n- de und Uhrzeit. Wichtig sind auch Informationen \u00fcber ausl\u00e4nderInnenrechtliche Umst\u00e4nde und Verletzungen.<\/li><li>\u0090 Wenn m\u00f6glich, notiere auch die Nummer der Polizeieinheit, Dienstnummern der Beamten &amp; Kennzeichen der Fahrzeuge.<\/li><li>\u0090 <strong>Gib diese Informationen sofort an den EA weiter!<\/strong><\/li><li>\u0090 Hilfreich ist auch ein Ged\u00e4chtnisprotokoll deiner Beobachtungen.<\/li><\/ul>\n\n\n\n<p><strong>EA Frankfurt Demonstrationsfreiheit durchsetzen!<\/strong><br>Auf Grund der Entwicklungen polizeilicher Re- pression w\u00e4hrend den Demonstrationen der letz- ten Jahre, war es notwendig einen dauerhaften Ermittlungsausschuss (EA) in Frankfurt zu organisieren. Im Kontext einer ungebrochenen Kontinuit\u00e4t von Repression und Polizeiwillkur w\u00e4hrend Demonstrationen in Frankfurt, gilt es die Betrof- fenen zu unterst\u00fctzen.<br>Wir sehen es als unsere Aufgabe Demonstrations- freiheit durchsetzen und den Demonstrant\/innen die Sicherheit zu geben, dass sie nicht alleine und ohnm\u00e4chtig den staatlichen Repressionsorganen ausgeliefert sind. Wir wollen verhindern, dass Demonstrant\/innen aus Angst vor den Folgen staatlicher Repression davon abgehalten werden ihre Meinung, ihren Protest und Widerstand zum Ausdruck zu bringen.<\/p>\n\n\n\n<p><strong>E-Mail: info@ea-frankfurt.org<\/strong><br>Kommunikation \u00fcber E-Mail nur verschl\u00fcsselt!<br>Fingerprint: F863 DBE1 8C76 88BA 9F3C DE73 CE04 F1CF 775D 6368<\/p>\n\n\n\n<p><strong>Web: ea-frankfurt.org<\/strong><\/p>\n\n\n\n<h2 class=\"wp-block-heading\">EA-Nummer: 0152 &#8211; 15330320<br>DIe EA-Nummer ist kein Infotelefon!!<\/h2>\n\n\n\n<h2 class=\"has-text-align-center wp-block-heading\"><em>Keine Panik! &#8211; Bleib souver\u00e4n und lass dir<br>nicht alles gefallen! -Besteh auf deine Rechte!<\/em><\/h2>\n","protected":false},"excerpt":{"rendered":"<p>Diesen EA-Flyer gibt es als Handzettel (DinA5) in verschiedenen Sprachen. Bitte downloaden und ausdrucken! Vor der Demo \u0090 geht auf Vorbereitungstreffen \u0090 organisiert euch, bildet Gruppen \u0090 EA-Nummer notieren: 0152 &#8211; 15330320 Ausr\u00fcstung Mitnehmen: \u0090 G\u00fcltiger Personalausweis \u0090 Stift, Papier, Telefonkarte &amp; ausreichend Geld \u0090 Ben\u00f6tigte Medikamente \u0090 Angemessene Kleidung (evtl. Klamotten zum Wechseln) \u0090 [&hellip;]<\/p>\n","protected":false},"author":1,"featured_media":223,"parent":26,"menu_order":0,"comment_status":"closed","ping_status":"closed","template":"","meta":{"footnotes":""},"class_list":["post-220","page","type-page","status-publish","has-post-thumbnail","hentry"],"yoast_head":"<!-- This site is optimized with the Yoast SEO plugin v23.3 - https:\/\/yoast.com\/wordpress\/plugins\/seo\/ -->\n<title>Verhaltentipps bei Demonstrationen       EA- Nummer: 0152 - 15330320 - EA FRANKFURT<\/title>\n<meta name=\"robots\" content=\"index, follow, max-snippet:-1, max-image-preview:large, max-video-preview:-1\" \/>\n<link rel=\"canonical\" href=\"https:\/\/solikom.de\/ea-frankfurt\/demo-1x1\/verhaltentipps-bei-demonstrationen\/\" \/>\n<meta property=\"og:locale\" content=\"de_DE\" \/>\n<meta property=\"og:type\" content=\"article\" \/>\n<meta property=\"og:title\" content=\"Verhaltentipps bei Demonstrationen       EA- Nummer: 0152 - 15330320 - EA FRANKFURT\" \/>\n<meta property=\"og:description\" content=\"Diesen EA-Flyer gibt es als Handzettel (DinA5) in verschiedenen Sprachen. Bitte downloaden und ausdrucken! Vor der Demo \u0090 geht auf Vorbereitungstreffen \u0090 organisiert euch, bildet Gruppen \u0090 EA-Nummer notieren: 0152 &#8211; 15330320 Ausr\u00fcstung Mitnehmen: \u0090 G\u00fcltiger Personalausweis \u0090 Stift, Papier, Telefonkarte &amp; ausreichend Geld \u0090 Ben\u00f6tigte Medikamente \u0090 Angemessene Kleidung (evtl. Klamotten zum Wechseln) \u0090 [&hellip;]\" \/>\n<meta property=\"og:url\" content=\"https:\/\/solikom.de\/ea-frankfurt\/demo-1x1\/verhaltentipps-bei-demonstrationen\/\" \/>\n<meta property=\"og:site_name\" content=\"EA FRANKFURT\" \/>\n<meta property=\"article:modified_time\" content=\"2022-01-12T05:47:59+00:00\" \/>\n<meta property=\"og:image\" content=\"https:\/\/solikom.de\/ea-frankfurt\/wp-content\/uploads\/ea-flyer03-2018de-a5web.jpg\" \/>\n\t<meta property=\"og:image:width\" content=\"425\" \/>\n\t<meta property=\"og:image:height\" content=\"600\" \/>\n\t<meta property=\"og:image:type\" content=\"image\/jpeg\" \/>\n<meta name=\"twitter:card\" content=\"summary_large_image\" \/>\n<meta name=\"twitter:label1\" content=\"Gesch\u00e4tzte Lesezeit\" \/>\n\t<meta name=\"twitter:data1\" content=\"5\u00a0Minuten\" \/>\n<script type=\"application\/ld+json\" class=\"yoast-schema-graph\">{\"@context\":\"https:\/\/schema.org\",\"@graph\":[{\"@type\":\"WebPage\",\"@id\":\"https:\/\/solikom.de\/ea-frankfurt\/demo-1x1\/verhaltentipps-bei-demonstrationen\/\",\"url\":\"https:\/\/solikom.de\/ea-frankfurt\/demo-1x1\/verhaltentipps-bei-demonstrationen\/\",\"name\":\"Verhaltentipps bei Demonstrationen EA- Nummer: 0152 - 15330320 - EA FRANKFURT\",\"isPartOf\":{\"@id\":\"https:\/\/solikom.de\/ea-frankfurt\/#website\"},\"primaryImageOfPage\":{\"@id\":\"https:\/\/solikom.de\/ea-frankfurt\/demo-1x1\/verhaltentipps-bei-demonstrationen\/#primaryimage\"},\"image\":{\"@id\":\"https:\/\/solikom.de\/ea-frankfurt\/demo-1x1\/verhaltentipps-bei-demonstrationen\/#primaryimage\"},\"thumbnailUrl\":\"https:\/\/solikom.de\/ea-frankfurt\/wp-content\/uploads\/ea-flyer03-2018de-a5web.jpg\",\"datePublished\":\"2022-01-12T05:22:30+00:00\",\"dateModified\":\"2022-01-12T05:47:59+00:00\",\"breadcrumb\":{\"@id\":\"https:\/\/solikom.de\/ea-frankfurt\/demo-1x1\/verhaltentipps-bei-demonstrationen\/#breadcrumb\"},\"inLanguage\":\"de\",\"potentialAction\":[{\"@type\":\"ReadAction\",\"target\":[\"https:\/\/solikom.de\/ea-frankfurt\/demo-1x1\/verhaltentipps-bei-demonstrationen\/\"]}]},{\"@type\":\"ImageObject\",\"inLanguage\":\"de\",\"@id\":\"https:\/\/solikom.de\/ea-frankfurt\/demo-1x1\/verhaltentipps-bei-demonstrationen\/#primaryimage\",\"url\":\"https:\/\/solikom.de\/ea-frankfurt\/wp-content\/uploads\/ea-flyer03-2018de-a5web.jpg\",\"contentUrl\":\"https:\/\/solikom.de\/ea-frankfurt\/wp-content\/uploads\/ea-flyer03-2018de-a5web.jpg\",\"width\":425,\"height\":600},{\"@type\":\"BreadcrumbList\",\"@id\":\"https:\/\/solikom.de\/ea-frankfurt\/demo-1x1\/verhaltentipps-bei-demonstrationen\/#breadcrumb\",\"itemListElement\":[{\"@type\":\"ListItem\",\"position\":1,\"name\":\"Startseite\",\"item\":\"https:\/\/solikom.de\/ea-frankfurt\/\"},{\"@type\":\"ListItem\",\"position\":2,\"name\":\"Demo 1&#215;1\",\"item\":\"https:\/\/solikom.de\/ea-frankfurt\/demo-1x1\/\"},{\"@type\":\"ListItem\",\"position\":3,\"name\":\"Verhaltentipps bei Demonstrationen EA- Nummer: 0152 &#8211; 15330320\"}]},{\"@type\":\"WebSite\",\"@id\":\"https:\/\/solikom.de\/ea-frankfurt\/#website\",\"url\":\"https:\/\/solikom.de\/ea-frankfurt\/\",\"name\":\"EA FRANKFURT\",\"description\":\"Demonstrationsfreiheit durchsetzen\",\"publisher\":{\"@id\":\"https:\/\/solikom.de\/ea-frankfurt\/#organization\"},\"potentialAction\":[{\"@type\":\"SearchAction\",\"target\":{\"@type\":\"EntryPoint\",\"urlTemplate\":\"https:\/\/solikom.de\/ea-frankfurt\/?s={search_term_string}\"},\"query-input\":\"required name=search_term_string\"}],\"inLanguage\":\"de\"},{\"@type\":\"Organization\",\"@id\":\"https:\/\/solikom.de\/ea-frankfurt\/#organization\",\"name\":\"EA FRANKFURT\",\"url\":\"https:\/\/solikom.de\/ea-frankfurt\/\",\"logo\":{\"@type\":\"ImageObject\",\"inLanguage\":\"de\",\"@id\":\"https:\/\/solikom.de\/ea-frankfurt\/#\/schema\/logo\/image\/\",\"url\":\"https:\/\/solikom.de\/ea-frankfurt\/wp-content\/uploads\/2021\/12\/cropped-logo.png\",\"contentUrl\":\"https:\/\/solikom.de\/ea-frankfurt\/wp-content\/uploads\/2021\/12\/cropped-logo.png\",\"width\":240,\"height\":75,\"caption\":\"EA FRANKFURT\"},\"image\":{\"@id\":\"https:\/\/solikom.de\/ea-frankfurt\/#\/schema\/logo\/image\/\"}}]}<\/script>\n<!-- \/ Yoast SEO plugin. -->","yoast_head_json":{"title":"Verhaltentipps bei Demonstrationen       EA- Nummer: 0152 - 15330320 - EA FRANKFURT","robots":{"index":"index","follow":"follow","max-snippet":"max-snippet:-1","max-image-preview":"max-image-preview:large","max-video-preview":"max-video-preview:-1"},"canonical":"https:\/\/solikom.de\/ea-frankfurt\/demo-1x1\/verhaltentipps-bei-demonstrationen\/","og_locale":"de_DE","og_type":"article","og_title":"Verhaltentipps bei Demonstrationen       EA- Nummer: 0152 - 15330320 - EA FRANKFURT","og_description":"Diesen EA-Flyer gibt es als Handzettel (DinA5) in verschiedenen Sprachen. Bitte downloaden und ausdrucken! Vor der Demo \u0090 geht auf Vorbereitungstreffen \u0090 organisiert euch, bildet Gruppen \u0090 EA-Nummer notieren: 0152 &#8211; 15330320 Ausr\u00fcstung Mitnehmen: \u0090 G\u00fcltiger Personalausweis \u0090 Stift, Papier, Telefonkarte &amp; ausreichend Geld \u0090 Ben\u00f6tigte Medikamente \u0090 Angemessene Kleidung (evtl. Klamotten zum Wechseln) \u0090 [&hellip;]","og_url":"https:\/\/solikom.de\/ea-frankfurt\/demo-1x1\/verhaltentipps-bei-demonstrationen\/","og_site_name":"EA FRANKFURT","article_modified_time":"2022-01-12T05:47:59+00:00","og_image":[{"width":425,"height":600,"url":"https:\/\/solikom.de\/ea-frankfurt\/wp-content\/uploads\/ea-flyer03-2018de-a5web.jpg","type":"image\/jpeg"}],"twitter_card":"summary_large_image","twitter_misc":{"Gesch\u00e4tzte Lesezeit":"5\u00a0Minuten"},"schema":{"@context":"https:\/\/schema.org","@graph":[{"@type":"WebPage","@id":"https:\/\/solikom.de\/ea-frankfurt\/demo-1x1\/verhaltentipps-bei-demonstrationen\/","url":"https:\/\/solikom.de\/ea-frankfurt\/demo-1x1\/verhaltentipps-bei-demonstrationen\/","name":"Verhaltentipps bei Demonstrationen EA- Nummer: 0152 - 15330320 - EA FRANKFURT","isPartOf":{"@id":"https:\/\/solikom.de\/ea-frankfurt\/#website"},"primaryImageOfPage":{"@id":"https:\/\/solikom.de\/ea-frankfurt\/demo-1x1\/verhaltentipps-bei-demonstrationen\/#primaryimage"},"image":{"@id":"https:\/\/solikom.de\/ea-frankfurt\/demo-1x1\/verhaltentipps-bei-demonstrationen\/#primaryimage"},"thumbnailUrl":"https:\/\/solikom.de\/ea-frankfurt\/wp-content\/uploads\/ea-flyer03-2018de-a5web.jpg","datePublished":"2022-01-12T05:22:30+00:00","dateModified":"2022-01-12T05:47:59+00:00","breadcrumb":{"@id":"https:\/\/solikom.de\/ea-frankfurt\/demo-1x1\/verhaltentipps-bei-demonstrationen\/#breadcrumb"},"inLanguage":"de","potentialAction":[{"@type":"ReadAction","target":["https:\/\/solikom.de\/ea-frankfurt\/demo-1x1\/verhaltentipps-bei-demonstrationen\/"]}]},{"@type":"ImageObject","inLanguage":"de","@id":"https:\/\/solikom.de\/ea-frankfurt\/demo-1x1\/verhaltentipps-bei-demonstrationen\/#primaryimage","url":"https:\/\/solikom.de\/ea-frankfurt\/wp-content\/uploads\/ea-flyer03-2018de-a5web.jpg","contentUrl":"https:\/\/solikom.de\/ea-frankfurt\/wp-content\/uploads\/ea-flyer03-2018de-a5web.jpg","width":425,"height":600},{"@type":"BreadcrumbList","@id":"https:\/\/solikom.de\/ea-frankfurt\/demo-1x1\/verhaltentipps-bei-demonstrationen\/#breadcrumb","itemListElement":[{"@type":"ListItem","position":1,"name":"Startseite","item":"https:\/\/solikom.de\/ea-frankfurt\/"},{"@type":"ListItem","position":2,"name":"Demo 1&#215;1","item":"https:\/\/solikom.de\/ea-frankfurt\/demo-1x1\/"},{"@type":"ListItem","position":3,"name":"Verhaltentipps bei Demonstrationen EA- Nummer: 0152 &#8211; 15330320"}]},{"@type":"WebSite","@id":"https:\/\/solikom.de\/ea-frankfurt\/#website","url":"https:\/\/solikom.de\/ea-frankfurt\/","name":"EA FRANKFURT","description":"Demonstrationsfreiheit durchsetzen","publisher":{"@id":"https:\/\/solikom.de\/ea-frankfurt\/#organization"},"potentialAction":[{"@type":"SearchAction","target":{"@type":"EntryPoint","urlTemplate":"https:\/\/solikom.de\/ea-frankfurt\/?s={search_term_string}"},"query-input":"required name=search_term_string"}],"inLanguage":"de"},{"@type":"Organization","@id":"https:\/\/solikom.de\/ea-frankfurt\/#organization","name":"EA FRANKFURT","url":"https:\/\/solikom.de\/ea-frankfurt\/","logo":{"@type":"ImageObject","inLanguage":"de","@id":"https:\/\/solikom.de\/ea-frankfurt\/#\/schema\/logo\/image\/","url":"https:\/\/solikom.de\/ea-frankfurt\/wp-content\/uploads\/2021\/12\/cropped-logo.png","contentUrl":"https:\/\/solikom.de\/ea-frankfurt\/wp-content\/uploads\/2021\/12\/cropped-logo.png","width":240,"height":75,"caption":"EA FRANKFURT"},"image":{"@id":"https:\/\/solikom.de\/ea-frankfurt\/#\/schema\/logo\/image\/"}}]}},"_links":{"self":[{"href":"https:\/\/solikom.de\/ea-frankfurt\/wp-json\/wp\/v2\/pages\/220","targetHints":{"allow":["GET"]}}],"collection":[{"href":"https:\/\/solikom.de\/ea-frankfurt\/wp-json\/wp\/v2\/pages"}],"about":[{"href":"https:\/\/solikom.de\/ea-frankfurt\/wp-json\/wp\/v2\/types\/page"}],"author":[{"embeddable":true,"href":"https:\/\/solikom.de\/ea-frankfurt\/wp-json\/wp\/v2\/users\/1"}],"replies":[{"embeddable":true,"href":"https:\/\/solikom.de\/ea-frankfurt\/wp-json\/wp\/v2\/comments?post=220"}],"version-history":[{"count":10,"href":"https:\/\/solikom.de\/ea-frankfurt\/wp-json\/wp\/v2\/pages\/220\/revisions"}],"predecessor-version":[{"id":237,"href":"https:\/\/solikom.de\/ea-frankfurt\/wp-json\/wp\/v2\/pages\/220\/revisions\/237"}],"up":[{"embeddable":true,"href":"https:\/\/solikom.de\/ea-frankfurt\/wp-json\/wp\/v2\/pages\/26"}],"wp:featuredmedia":[{"embeddable":true,"href":"https:\/\/solikom.de\/ea-frankfurt\/wp-json\/wp\/v2\/media\/223"}],"wp:attachment":[{"href":"https:\/\/solikom.de\/ea-frankfurt\/wp-json\/wp\/v2\/media?parent=220"}],"curies":[{"name":"wp","href":"https:\/\/api.w.org\/{rel}","templated":true}]}}