{"id":26,"date":"2021-12-28T09:57:06","date_gmt":"2021-12-28T09:57:06","guid":{"rendered":"https:\/\/solikom.de\/ea-frankfurt\/?page_id=26"},"modified":"2021-12-28T09:57:06","modified_gmt":"2021-12-28T09:57:06","slug":"demo-1x1","status":"publish","type":"page","link":"https:\/\/solikom.de\/ea-frankfurt\/demo-1x1\/","title":{"rendered":"Demo 1&#215;1"},"content":{"rendered":"\n<h2 class=\"wp-block-heading\"><strong>Was ist auf Demos und nach der Festnahme zu beachten?<\/strong><\/h2>\n\n\n\n<p><em><strong>Keine Panik!<\/strong><\/em><\/p>\n\n\n\n<p><em><strong>Bleib souver\u00e4n und lass\u2019 Dir nicht alles gefallen!<\/strong><\/em><\/p>\n\n\n\n<p><em><strong>Bestehe auf Deinen Rechten!<\/strong><\/em><\/p>\n\n\n\n<p>Klar, es gibt riesige Unterschiede zwischen einer Demo und einer Demo. Oft sagen wir uns, dass bei der Demo sowieso nix passiert und haben auch oft recht damit. Dennoch sollten einige Grundregeln auch auf einer \u201cSpaziergangs\u201d-Demo beherzigt werden, weil auch solche schon Objekt polizeilicher Aktionen geworden sind.<\/p>\n\n\n\n<p><strong>Auf dem Weg zur Demo<\/strong><\/p>\n\n\n\n<p>Gehe nach M\u00f6glichkeit nie alleine auf eine Demo oder zu einer anderen Aktion. Es ist nicht nur lustiger mit Menschen unterwegs zu sein, die du kennst und denen du vertraust, sondern auch sicherer. Profim\u00e4\u00dfig ist es, zusammen hinzugehen und zusammen den Ort des Geschehens wieder zu verlassen. Sinnvoll ist es auch, in der Gruppe vorher das Verhalten f\u00fcr bestimmte Situationen abzusprechen. Dabei sollte Raum f\u00fcr \u00c4ngste und Unsicherheiten einzelner sein. W\u00e4hrend der Demo sollte die Gruppe m\u00f6glichst zusammen bleiben.<\/p>\n\n\n\n<p><strong>Ausr\u00fcstung<\/strong><\/p>\n\n\n\n<p>Achte auf angemessene Kleidung incl. Schuhe, in denen Du bequem und ggf schnell laufen kanst. Steck einen Stift und ein St\u00fcck Papier ein um wichtige Details zu notieren (siehe unten: Das Ged\u00e4chtnisprotokoll) Nimm eine Telefonkarte und ein paar Groschen mit, die Polizei ist zwar nach einer Festnahme verpflichtet, dir auch dann 2 Telefonate zu gew\u00e4hren, wenn du kein Geld dabei hast, aber sicher ist sicher. Nimm Medikamente, die du regelm\u00e4\u00dfig einnehmen musst, in ausreichender Menge mit. Besser Brille als Kontaktlinsen. Lass pers\u00f6nliche Aufzeichnungen, besonders Adressb\u00fccher zu Hause. \u00dcberleg gut, was du unbedingt brauchst.Alles andere kann im Falle einer Festnahme der Polizei n\u00fctzen. Drogen jeglicher Art sollten weder vorher konsumiert, noch auf die Demo mitgenommen werden; schlie\u00dflich musst du einen klaren Kopf bewahren und jederzeit in der Lage sein k\u00f6nnen, Entscheidungen zu treffen. Einen Fotoapperat brauchst du auch nicht, deine Fotos helfen im Falle einer Festnahme nur der Gegenseite.<\/p>\n\n\n\n<p>Fotoapparat\/Kamera mitzunehmen kann sinnvoll sein um evtl \u00dcbergriffe der Bullen zu dokumentieren \u2013 Bullen die sich bewusst sein m\u00fcssen gefilmt zu werden handeln anders als welche die das Gef\u00fchl haben unbeobachtet zu sein \u2013 Auf jeden Fall aber sollte nur bewusst fotografiert\/gefilmt werden und darauf geachtet werden nicht unn\u00f6tig die Gesichter anderer Teilnehmer zu zeigen.<\/p>\n\n\n\n<p><strong>Auf der Demo<\/strong><\/p>\n\n\n\n<p>Mensch wei\u00df nie, was kommt. Deshalb bleib bei den Leuten, die du kennst. Es kann auch nie schaden, sich unterzuhaken und in Ketten zu gehen. Nicht nur, da\u00df die Stimmung gleich viel besser wird und sich Sprechch\u00f6re viel besser koordinieren lassen, nein, sollten die Ordnungsw\u00fcter, Zivile oder andere Wildgewordene in den Demo-Zug einzudringen versuchen, bieten die Ketten einen verl\u00e4\u00dflichen Schutz. Deshalb achte darauf, da\u00df zwischen den Ketten keine L\u00fccken entstehen, und fordere Leute, die zwischen den Ketten rumlaufen, auf, sich einzureihen oder woanders zu gehen.<\/p>\n\n\n\n<p><strong>Der Ermittlungsausschuss<\/strong><\/p>\n\n\n\n<p>Meist gibt es einen EA (Ermittlungsausschuss) dessen Telefonnummer durchgesagt oder per Handzettel verbreitet wird. Der EA k\u00fcmmert sich vor allem um Festgenommene, besorgt f\u00fcr sie Anw\u00e4lte und Anw\u00e4ltinnen. Wenn jemand festgenommen wurde sollte sie\/er sich beim EA melden. Wenn du Zeuge\/Zeugin einer Festnahme wirst, versuche den Namen der\/des Festgenommenen zu erfahren. Melde die Festnahme dem EA, damit ihr\/ihm gefohlen werden kann. Menschen, die nach einer Festnahme wieder freigelassen werden, sollten sich sofort beim EA zur\u00fcckmelden und ein Ged\u00e4chtnisprotokoll anfertigen. So ein Ged\u00e4chtnisprotokoll kann sehr n\u00fctzlich sein, wenn nach einigen Monaten noch ein Verfahren er\u00f6ffnet wird. (Auch die Polizei h\u00e4lt alles in ihren Unterlagen fest) Auch Zeugen\/Zeuginnen von \u00dcbergriffen sollten ein Ged\u00e4chtnisprotokoll anfertigen. Beinhalten sollte ein Ged\u00e4chtnisprotokoll auf jeden Fall: Ort, Zeit und Art (Festnahme, Pr\u00fcgelorgie, Wegtragen) des \u00dcbergriffs, Namen der\/des Betroffenen, Zeugen\/Zeuginnen sowie Anzahl, Diensteinheit und Aussehen der Schl\u00e4ger (Oberlippenbart reicht nicht !). Dieses Ged\u00e4chtnisprotokoll ist nur f\u00fcr den EA bestimmt, so es einen gibt, andernfalls erstmal sicher aufbewahren.<\/p>\n\n\n\n<p><strong>Bei \u00dcbergriffen<\/strong><\/p>\n\n\n\n<p>Nicht in Panik geraten, Tief Luft holen, stehen bleiben und auch andere dazu auffordern. Sp\u00e4testens jetzt hei\u00dft es, schnell Ketten zu bilden und wenns\u2019s gar nicht anders geht, sich langsam und geschlossen zur\u00fcckziehen. Oftmals k\u00f6nnen \u00dcbergriffe der Freunde und Helfer allein durch das geordnete Kettenbilden und Stehenbleiben abgewehrt, das Spalten der Demo, Festnahmen und das Liegenbleiben von Verletzten verhindert werden.<\/p>\n\n\n\n<p><strong>Bei Verletzungen<\/strong><\/p>\n\n\n\n<p>Bist du oder jemand in deiner Umgebung verletzt worden, wende dich an die gekennzeichneten Demo-Sanit\u00e4terInnen (so welche da sind, wird zumeist am Beginn der Demonstration auf diese erfreuliche Tatsache hingewiesen). Sind keine Demo-Sanis auffindbar, organisiere mit Freunden und Freundinnen den Abtransport von Verletzten. Wenn ihr ein Krankenhaus aufsuchen wollt\/m\u00fc\u00dft, versucht eins zu erwischen, das etwas entfernt ist und mit der Demo nicht in Verbindung gebracht wird. Bei der Aufnahme kannst du ruhig erz\u00e4hlen, wie\u2019s war, als du n\u00e4mlich auf der Bananenschale ausrutschtest und die Kellertreppen runterfielst \u2026 Schon \u00f6fters haben Krankenh\u00e4user die Namen von verletzten Demonstranten an die Cops weitergegeben, das f\u00fchrte zu \u2018ner Menge zus\u00e4tzlicher Scherereien.<\/p>\n\n\n\n<p><strong>Nach der Demo<\/strong><\/p>\n\n\n\n<p>Schlau ist, sich nicht alleine auf den Nachhauseweg zu machen. Auch am Ende oder nach der Demo versucht die Polizei oft einzelne festzunehmen. Deshalb geschlossen weg gehen und darauf achten, ob Mensch verfolgt wird. Falls es auf der Demo Zoff gab, melde dich bei Freundinnen und Freunden zur\u00fcck, die wu\u00dften, da\u00df du auf der Demo warst, damit du nicht als vermi\u00dft giltst!<\/p>\n\n\n\n<p>Wenn du Zeuge oder Betroffene von Polizei\u00fcbergriffen, Festnahmen u.\u00e4. wurdest, melde dich beim EA und fertige zu Hause ein Ged\u00e4chtnisprotokoll an. Ins Ged\u00e4chtnisprotokoll sollten rein:<\/p>\n\n\n\n<p>1. Ort und Zeit der Festnahme, bzw. anderer polizeilicher Ma\u00dfnahmen wie Abr\u00e4umen, Wasserwerfereinsatz, Kn\u00fcppelorgie etc.<\/p>\n\n\n\n<p>2. Name der\/des Verhafteten\/Verletzten, Zeugen (sonst Personenbeschreibung)<\/p>\n\n\n\n<p>3. Was passiert ist.<\/p>\n\n\n\n<p>4. Merke dir die Anzahl der Bullen und wie sie ausgesehen haben (\u201cOberlippenbart\u201d reicht meistens zur Identifizierung nicht aus).<\/p>\n\n\n\n<p>[bearbeiten] Bei Festnahmen<\/p>\n\n\n\n<p>Wirst du selbst festgenommen, mache auf dich aufmerksam (Fluchen!) und rufe deinen Namen, damit sich die Umstehenden diesen merken (ach daf\u00fcr, Zettel und Bleistift!) und an den Ermittlungsausschu\u00df (EA) weitergeben k\u00f6nnen. Wieder zu Hause notiere dir die Umst\u00e4nde der Festnahme, ggf. Zeugen, am besten ein richtiges Ged\u00e4chtnisprotokoll. Dieses sollte der Ermittlungsausschu\u00df bekommen, so es einen gibt, andernfalls erstmal aufbewahren. Oftmals erfahren die Betroffenen erst Monate sp\u00e4ter davon, da\u00df ein Ermittlungsverfahren gegen sie l\u00e4uft, dann ist so ein Protokoll Gold wert.<\/p>\n\n\n\n<p><strong>Beim Abtransport<\/strong><\/p>\n\n\n\n<p>Auf der Fahrt zu Gefangenensammelpl\u00e4tzen oder Revieren sprich ggf. mit den anderen Festgenommenen \u00fcber eure Rechte, aber mit keinem Wort \u00fcber das, was ihr oder du gemacht habt\/hast. Das w\u00e4re nun wirklich nicht das erste Mal, wenn da ein Spitzel unter euch ist, auch wenn du ein gutes Gef\u00fchl zu allen hast.<\/p>\n\n\n\n<p>Achte auf andere und zeige dich verantwortlich, wenn sie mit der Situation (Festnahme und so) noch schlechter klar kommen als du, das beruhigt auch dich, redet dar\u00fcber, da\u00df es Sinn macht, von jetzt ab konsequent die Schnauze zu halten. Tausche mit deinen Mitgefangenen Namen und Adressen aus, damit die\/der zuerst Freigelassene den Ermittlungsausschu\u00df informieren kann.<\/p>\n\n\n\n<p><strong>Auf der Wache<\/strong><\/p>\n\n\n\n<p>Bei der Identit\u00e4tsfeststellung bist du nur verpflichtet, Angaben zu deiner Person zu machen, d.h.: Name, Adresse, Geburtsdatum und ungef\u00e4hre Berufsangabe (Arbeiterin, Angestellter, Studentin, Erwerbsloser). Kein Wort mehr! Nichts \u00fcber Eltern, Schule, Firma, Wetter, einfach: Gar nix! Das einzige was du sagst ist: \u201cIch verweigere die Aussage\u201d Auch wenn die Bullen so tun als w\u00e4rst du etwas bescheuert, wiederholst du nur \u201cIch verweigere die Aussage\u201d.<\/p>\n\n\n\n<p>\u201cSch\u00f6nes Wetter heute, was?\u201d \u2013 \u201cIch verweigere die Aussage.\u201d<\/p>\n\n\n\n<p>\u201cIch habe ja vollstes Verst\u00e4ndnis f\u00fcr sie.\u201d \u2013 \u201cIch verweigere die Aussage\u201d<\/p>\n\n\n\n<p>Die Cops merken, dann schon, dass sie nichts aus dir herauskriegen und werden dich dann wieder in Ruhe lassen. Aber bis dahin verweigerst du alle Aussagen.<\/p>\n\n\n\n<p>Keine Angaben zur Sache. Falle nicht auf Psychokisten rein, weder auf die guten Onkels und Tanten, die ja volles Verst\u00e4ndnis f\u00fcr dein Anliegen haben, noch auf die Brutalo-Bullen, die dir gleich die Fresse polieren wollen. Behalte die \u00dcbersicht und deinen Kopf unter Kontrolle. All die feinen taktischen Schachz\u00fcge, die dir durch den Kopf gehen, wie du die Bullen reinlegen oder dich aus dem Schlamassel bringen k\u00f6nntest, vergi\u00df sie! Jede Situation ist g\u00fcnstiger, um sich was Schlaues zu \u00fcberlegen, als die, wenn du bei den Bullen sitzt, und alles \u2013 wirklich alles \u2013 ist auch nach Absprache mit deinen GenossInnen und dem\/der Anw\u00e4ltIn m\u00f6glich, auch wenn die Bullen dir erz\u00e4hlen, da\u00df es zu deinem Vorteil gereiche, wenn du ihnen gegen\u00fcber Aussagen machen w\u00fcrdest.<\/p>\n\n\n\n<p>Wenn du meinst, dir w\u00fcrden Sachen vorgehalten, mit denen du gar nix zu tun hast \u2013 halt bitte trotzdem die Klappe. Denn was dich entlastet, kann jemand anderen belasten, wenn von zwei Verd\u00e4chtigen einer ein Alibi hat, bleibt immer noch einer \u00fcber! Wenn du meinst, du steckst schon so tief im Schlamassel, da\u00df du lieber alles zugeben willst, damit du nicht so hart verknackt wirst, shut up your mouth! Erst nachdem dein(e) Anw\u00e4ltIn Akteneinsicht hatte und ihr euch beraten habt, l\u00e4\u00dft sich eine gute Strategie festlegen. Wenn du erstmal gequatscht hast, n\u00fctzt dir auch der\/die beste Anw\u00e4ltIn kaum noch was. Au\u00dferdem rei\u00dft du wom\u00f6glich unbeabsichtigt andere Leute mit rein. Und ein Argument f\u00fcr ganz St\u00f6rrische: Ein Gest\u00e4ndnis vorm Richtertisch zahlt sich immer mehr aus als bei den Bullen, wenn\u2019s denn schon sein mu\u00df!<\/p>\n\n\n\n<p>Nach der Festnahme hast du das Recht, zwei Telephongespr\u00e4che zu f\u00fchren. Nehme also etwas Kleingeld mit.<\/p>\n\n\n\n<p>Wenn PolizistInnen dir dieses Recht verweigern, nerv\u2019 sie, besteh\u2019 darauf und droh\u2019 mit einer Anzeige. Bei Verletzungen einen Arzt verlangen, der ein Attest anfertigt. Nach der Freilassung einen weiteren Arzt aufsuchen, der ebenfalls Verletzungen attestiert.<\/p>\n\n\n\n<p>Bei besch\u00e4digten Sachen schriftliche Best\u00e4tigung verlangen. Bei ED-(erkennungsdienstlicher) Behandlung (Fotos\/Fingerabdr\u00fccke) lege sofort Widerspruch ein und lasse diesen protokollieren, unterschreibe aber nichts.<\/p>\n\n\n\n<p><strong>Wie lange mu\u00dft du brummen?<\/strong><\/p>\n\n\n\n<p>zur Identit\u00e4tsfeststellung:<\/p>\n\n\n\n<p>Wenn du Tor keinen Ausweis dabei hast, h\u00f6chstens zw\u00f6lf Stunden.<\/p>\n\n\n\n<p>als Zeuge zur Vernehmung:<\/p>\n\n\n\n<p>Sofort nach der Identit\u00e4tsfeststellung und der verweigerten Aussage (auch als Zeuge bei den Bullen dein gutes Recht!) mu\u00dft du entlassen werden.<\/p>\n\n\n\n<p>als Verd\u00e4chtiger einer Tat:<\/p>\n\n\n\n<p>Nach 48 Stunden, besser, bis Mitternacht des darauffolgenden Tages mu\u00dft du entweder freigelassen worden sein oder einem Haftrichter vorgef\u00fchrt werden.<\/p>\n\n\n\n<p><strong>Beim Haftrichter<\/strong><\/p>\n\n\n\n<p>Auch hier nur Angaben zur Person machen. Falls noch nicht geschehen, unbedingt weiterhin Kontaktaufnahme zu deinem\/r Anw\u00e4ltIn oder deinen FreundInnen fordern. Wird Haftbefehl erlassen, la\u00df die Beauftragung deines\/r Anw\u00e4ltIn bzw. die Benachrichtigung von namentlich genannten anderen Personen protokollieren.<\/p>\n\n\n\n<p>La\u00df dich nicht h\u00e4ngen und halte durch: \u201cWenn der Richter gestanden hat, holen wir dich raus!\u201d; \u201cIn Ru\u00dfland haben sie die Revolution auch nicht an einem Tag gemacht!\u201d; \u201cM\u00fchsam n\u00e4hrt sich das Eichh\u00f6rnchen!\u201d; \u201cDie Hunde bellen, aber die Karawane zieht weiter!\u201d Solche und \u00e4hnliche Durchhalteparolen vers\u00fc\u00dfen den Knastaufenthalt zwar auch nicht entscheidend, aber was willst du machen \u2026<\/p>\n\n\n\n<p><strong>Wenn du wieder drau\u00dfen bist<\/strong><\/p>\n\n\n\n<p>Melde dich unbedingt beim EA wieder an und bei deinem\/r Anw\u00e4ltIn und dann kannst du dich hoffentlich verw\u00f6hnen lassen und relaxen. Nimmst du diese Verhaltensregeln in Kopf und Bauch auf, bist du gut ger\u00fcstet, um gegen die Staatswillk\u00fcr die Nerven zu behalten.<\/p>\n\n\n\n<p>Weitere Informationen&nbsp;<a target=\"_blank\" rel=\"noreferrer noopener\">Rechtshilfetipps der Roten Hilfe<\/a><\/p>\n","protected":false},"excerpt":{"rendered":"<p>Was ist auf Demos und nach der Festnahme zu beachten? Keine Panik! Bleib souver\u00e4n und lass\u2019 Dir nicht alles gefallen! Bestehe auf Deinen Rechten! Klar, es gibt riesige Unterschiede zwischen einer Demo und einer Demo. Oft sagen wir uns, dass bei der Demo sowieso nix passiert und haben auch oft recht damit. Dennoch sollten einige [&hellip;]<\/p>\n","protected":false},"author":1,"featured_media":0,"parent":0,"menu_order":0,"comment_status":"closed","ping_status":"closed","template":"","meta":{"footnotes":""},"class_list":["post-26","page","type-page","status-publish","hentry"],"yoast_head":"<!-- This site is optimized with the Yoast SEO plugin v23.3 - https:\/\/yoast.com\/wordpress\/plugins\/seo\/ -->\n<title>Demo 1x1 - EA FRANKFURT<\/title>\n<meta name=\"robots\" content=\"index, follow, max-snippet:-1, max-image-preview:large, max-video-preview:-1\" \/>\n<link rel=\"canonical\" href=\"https:\/\/solikom.de\/ea-frankfurt\/demo-1x1\/\" \/>\n<meta property=\"og:locale\" content=\"de_DE\" \/>\n<meta property=\"og:type\" content=\"article\" \/>\n<meta property=\"og:title\" content=\"Demo 1x1 - EA FRANKFURT\" \/>\n<meta property=\"og:description\" content=\"Was ist auf Demos und nach der Festnahme zu beachten? Keine Panik! Bleib souver\u00e4n und lass\u2019 Dir nicht alles gefallen! Bestehe auf Deinen Rechten! Klar, es gibt riesige Unterschiede zwischen einer Demo und einer Demo. Oft sagen wir uns, dass bei der Demo sowieso nix passiert und haben auch oft recht damit. Dennoch sollten einige [&hellip;]\" \/>\n<meta property=\"og:url\" content=\"https:\/\/solikom.de\/ea-frankfurt\/demo-1x1\/\" \/>\n<meta property=\"og:site_name\" content=\"EA FRANKFURT\" \/>\n<meta name=\"twitter:card\" content=\"summary_large_image\" \/>\n<meta name=\"twitter:label1\" content=\"Gesch\u00e4tzte Lesezeit\" \/>\n\t<meta name=\"twitter:data1\" content=\"10\u00a0Minuten\" \/>\n<script type=\"application\/ld+json\" class=\"yoast-schema-graph\">{\"@context\":\"https:\/\/schema.org\",\"@graph\":[{\"@type\":\"WebPage\",\"@id\":\"https:\/\/solikom.de\/ea-frankfurt\/demo-1x1\/\",\"url\":\"https:\/\/solikom.de\/ea-frankfurt\/demo-1x1\/\",\"name\":\"Demo 1x1 - EA FRANKFURT\",\"isPartOf\":{\"@id\":\"https:\/\/solikom.de\/ea-frankfurt\/#website\"},\"datePublished\":\"2021-12-28T09:57:06+00:00\",\"dateModified\":\"2021-12-28T09:57:06+00:00\",\"breadcrumb\":{\"@id\":\"https:\/\/solikom.de\/ea-frankfurt\/demo-1x1\/#breadcrumb\"},\"inLanguage\":\"de\",\"potentialAction\":[{\"@type\":\"ReadAction\",\"target\":[\"https:\/\/solikom.de\/ea-frankfurt\/demo-1x1\/\"]}]},{\"@type\":\"BreadcrumbList\",\"@id\":\"https:\/\/solikom.de\/ea-frankfurt\/demo-1x1\/#breadcrumb\",\"itemListElement\":[{\"@type\":\"ListItem\",\"position\":1,\"name\":\"Startseite\",\"item\":\"https:\/\/solikom.de\/ea-frankfurt\/\"},{\"@type\":\"ListItem\",\"position\":2,\"name\":\"Demo 1&#215;1\"}]},{\"@type\":\"WebSite\",\"@id\":\"https:\/\/solikom.de\/ea-frankfurt\/#website\",\"url\":\"https:\/\/solikom.de\/ea-frankfurt\/\",\"name\":\"EA FRANKFURT\",\"description\":\"Demonstrationsfreiheit durchsetzen\",\"publisher\":{\"@id\":\"https:\/\/solikom.de\/ea-frankfurt\/#organization\"},\"potentialAction\":[{\"@type\":\"SearchAction\",\"target\":{\"@type\":\"EntryPoint\",\"urlTemplate\":\"https:\/\/solikom.de\/ea-frankfurt\/?s={search_term_string}\"},\"query-input\":\"required name=search_term_string\"}],\"inLanguage\":\"de\"},{\"@type\":\"Organization\",\"@id\":\"https:\/\/solikom.de\/ea-frankfurt\/#organization\",\"name\":\"EA FRANKFURT\",\"url\":\"https:\/\/solikom.de\/ea-frankfurt\/\",\"logo\":{\"@type\":\"ImageObject\",\"inLanguage\":\"de\",\"@id\":\"https:\/\/solikom.de\/ea-frankfurt\/#\/schema\/logo\/image\/\",\"url\":\"https:\/\/solikom.de\/ea-frankfurt\/wp-content\/uploads\/2021\/12\/cropped-logo.png\",\"contentUrl\":\"https:\/\/solikom.de\/ea-frankfurt\/wp-content\/uploads\/2021\/12\/cropped-logo.png\",\"width\":240,\"height\":75,\"caption\":\"EA FRANKFURT\"},\"image\":{\"@id\":\"https:\/\/solikom.de\/ea-frankfurt\/#\/schema\/logo\/image\/\"}}]}<\/script>\n<!-- \/ Yoast SEO plugin. -->","yoast_head_json":{"title":"Demo 1x1 - EA FRANKFURT","robots":{"index":"index","follow":"follow","max-snippet":"max-snippet:-1","max-image-preview":"max-image-preview:large","max-video-preview":"max-video-preview:-1"},"canonical":"https:\/\/solikom.de\/ea-frankfurt\/demo-1x1\/","og_locale":"de_DE","og_type":"article","og_title":"Demo 1x1 - EA FRANKFURT","og_description":"Was ist auf Demos und nach der Festnahme zu beachten? Keine Panik! Bleib souver\u00e4n und lass\u2019 Dir nicht alles gefallen! Bestehe auf Deinen Rechten! Klar, es gibt riesige Unterschiede zwischen einer Demo und einer Demo. Oft sagen wir uns, dass bei der Demo sowieso nix passiert und haben auch oft recht damit. Dennoch sollten einige [&hellip;]","og_url":"https:\/\/solikom.de\/ea-frankfurt\/demo-1x1\/","og_site_name":"EA FRANKFURT","twitter_card":"summary_large_image","twitter_misc":{"Gesch\u00e4tzte Lesezeit":"10\u00a0Minuten"},"schema":{"@context":"https:\/\/schema.org","@graph":[{"@type":"WebPage","@id":"https:\/\/solikom.de\/ea-frankfurt\/demo-1x1\/","url":"https:\/\/solikom.de\/ea-frankfurt\/demo-1x1\/","name":"Demo 1x1 - EA FRANKFURT","isPartOf":{"@id":"https:\/\/solikom.de\/ea-frankfurt\/#website"},"datePublished":"2021-12-28T09:57:06+00:00","dateModified":"2021-12-28T09:57:06+00:00","breadcrumb":{"@id":"https:\/\/solikom.de\/ea-frankfurt\/demo-1x1\/#breadcrumb"},"inLanguage":"de","potentialAction":[{"@type":"ReadAction","target":["https:\/\/solikom.de\/ea-frankfurt\/demo-1x1\/"]}]},{"@type":"BreadcrumbList","@id":"https:\/\/solikom.de\/ea-frankfurt\/demo-1x1\/#breadcrumb","itemListElement":[{"@type":"ListItem","position":1,"name":"Startseite","item":"https:\/\/solikom.de\/ea-frankfurt\/"},{"@type":"ListItem","position":2,"name":"Demo 1&#215;1"}]},{"@type":"WebSite","@id":"https:\/\/solikom.de\/ea-frankfurt\/#website","url":"https:\/\/solikom.de\/ea-frankfurt\/","name":"EA FRANKFURT","description":"Demonstrationsfreiheit durchsetzen","publisher":{"@id":"https:\/\/solikom.de\/ea-frankfurt\/#organization"},"potentialAction":[{"@type":"SearchAction","target":{"@type":"EntryPoint","urlTemplate":"https:\/\/solikom.de\/ea-frankfurt\/?s={search_term_string}"},"query-input":"required name=search_term_string"}],"inLanguage":"de"},{"@type":"Organization","@id":"https:\/\/solikom.de\/ea-frankfurt\/#organization","name":"EA FRANKFURT","url":"https:\/\/solikom.de\/ea-frankfurt\/","logo":{"@type":"ImageObject","inLanguage":"de","@id":"https:\/\/solikom.de\/ea-frankfurt\/#\/schema\/logo\/image\/","url":"https:\/\/solikom.de\/ea-frankfurt\/wp-content\/uploads\/2021\/12\/cropped-logo.png","contentUrl":"https:\/\/solikom.de\/ea-frankfurt\/wp-content\/uploads\/2021\/12\/cropped-logo.png","width":240,"height":75,"caption":"EA FRANKFURT"},"image":{"@id":"https:\/\/solikom.de\/ea-frankfurt\/#\/schema\/logo\/image\/"}}]}},"_links":{"self":[{"href":"https:\/\/solikom.de\/ea-frankfurt\/wp-json\/wp\/v2\/pages\/26","targetHints":{"allow":["GET"]}}],"collection":[{"href":"https:\/\/solikom.de\/ea-frankfurt\/wp-json\/wp\/v2\/pages"}],"about":[{"href":"https:\/\/solikom.de\/ea-frankfurt\/wp-json\/wp\/v2\/types\/page"}],"author":[{"embeddable":true,"href":"https:\/\/solikom.de\/ea-frankfurt\/wp-json\/wp\/v2\/users\/1"}],"replies":[{"embeddable":true,"href":"https:\/\/solikom.de\/ea-frankfurt\/wp-json\/wp\/v2\/comments?post=26"}],"version-history":[{"count":1,"href":"https:\/\/solikom.de\/ea-frankfurt\/wp-json\/wp\/v2\/pages\/26\/revisions"}],"predecessor-version":[{"id":27,"href":"https:\/\/solikom.de\/ea-frankfurt\/wp-json\/wp\/v2\/pages\/26\/revisions\/27"}],"wp:attachment":[{"href":"https:\/\/solikom.de\/ea-frankfurt\/wp-json\/wp\/v2\/media?parent=26"}],"curies":[{"name":"wp","href":"https:\/\/api.w.org\/{rel}","templated":true}]}}