{"id":28,"date":"2021-12-28T10:04:48","date_gmt":"2021-12-28T10:04:48","guid":{"rendered":"https:\/\/solikom.de\/ea-frankfurt\/?page_id=28"},"modified":"2021-12-28T10:04:48","modified_gmt":"2021-12-28T10:04:48","slug":"ueber-den-ea","status":"publish","type":"page","link":"https:\/\/solikom.de\/ea-frankfurt\/ueber-den-ea\/","title":{"rendered":"\u00dcber den EA"},"content":{"rendered":"\n<h1 class=\"has-luminous-vivid-orange-color has-text-color wp-block-heading\">EA Frankfurt<\/h1>\n\n\n\n<h3 class=\"wp-block-heading\">Wer wir sind<\/h3>\n\n\n\n<p>Der Ermittlungsausschuss (EA) Frankfurt besteht aus Menschen verschiedenster linker politischer Zusammenh\u00e4nge und Einzelpersonen. Aufgrund der ungebrochenen Kontinuit\u00e4t von staatlicher Repression und Polizeiwillk\u00fcr w\u00e4hrend Demonstrationen in Frankfurt ist es uns wichtig einen kontinuierlichen EA zu organisieren. Wir m\u00f6chten damit einen Beitrag leisten, um Demonstrationsfreiheit durchzusetzen und DemonstrantInnen die Sicherheit geben, dass sie nicht alleine und ohnm\u00e4chtig den staatlichen Repressionsorganen ausgeliefert sind.<\/p>\n\n\n\n<h3 class=\"wp-block-heading\">Was wir f\u00fcr euch tun k\u00f6nnen<\/h3>\n\n\n\n<p>W\u00e4hrend einer Demonstration organisieren wir in Absprache mit den VeranstalterInnen einen EA-Telefondienst. Dieser richtet sich an Personen, die in Gewahrsam genommen oder festgenommen werden oder die eine Festnahme oder \u00dcbergriffe durch die Polizei beobachten. Der EA nimmt die Festnahmen auf, ermittelt den Verbleib der betroffenen Personen und vermittelt Anw\u00e4ltInnen. Daf\u00fcr sind wir auf die Mitarbeit von DemonstrantInnen und BeobachterInnen angewiesen.<\/p>\n\n\n\n<p>Wenn ihr festgenommen werdet, versucht auf euch aufmerksam zu machen und Leuten euren Namen und euer Geburtsdatum zuzurufen, damit diese euch beim EA melden k\u00f6nnen. Wenn ihr als Beobachter beim EA anruft, nennt bitte m\u00f6glichst genau Namen und Alter\/Geburtsdatum der festgenommenen Personen, den Ort des Geschehens und, wenn m\u00f6glich, die von der Polizei erhobenen Vorw\u00fcrfe. Wichtig ist, dass am Telefon keine Angaben \u00fcber die Umst\u00e4nde oder Geschehnisse im Vorfeld der Festnahme gemacht werden, da das EA-Telefon eine \u00f6ffentliche Nummer ist und h\u00f6chstwahrscheinlich abgeh\u00f6rt wird. Deshalb nennt uns bitte nur die Namen von Personen, die wirklich festgenommen wurden. Festgenommene k\u00f6nnen sich nat\u00fcrlich auch selbst aus dem Polizeigewahrsam bei uns melden. Auf jeden Fall sollen die Betroffenen sich nach der Freilassung telefonisch wieder bei uns abmelden!<\/p>\n\n\n\n<p>Ein verantwortungsbewusster Umgang mit den uns zugetragenen Informationen ist uns sehr wichtig.<\/p>\n\n\n\n<p>F\u00fcr den Fall, dass es keinen EA gibt, ihr aber dringend einen Anwalt braucht, k\u00f6nnt ihr euch an den Anwaltsnotdienst wenden. Dieser hat in Frankfurt die Telefonnummer 0172-6906903 und ist 24h am Tag erreichbar. Hier ist zu bedenken, dass der Anruf und die Beratung am Telefon bereits kostenpflichtig sind. Weitere Infos gibt es beim&nbsp;<a target=\"_blank\" rel=\"noreferrer noopener\">Frankfurter Anwaltsverein<\/a>.<\/p>\n\n\n\n<h3 class=\"wp-block-heading\">Dar\u00fcber hinaus&#8230;<\/h3>\n\n\n\n<p>&#8230;ist es uns wichtig, Aufkl\u00e4rung zu leisten und Informationen anzubieten, noch bevor mensch mit Polizei und Justiz in Konflikt ger\u00e4t. Auf Anfrage k\u00f6nnen Rechtshilfeveranstaltungen durchgef\u00fchrt werden. Diese k\u00f6nnen im Vorfeld oder im Anschluss an eine Demonstration sinnvoll sein, um das Verhalten auf einer Demonstration bzw. den Umgang mit Repression zu thematisieren.<\/p>\n\n\n\n<p>Jeden zweiten Freitag im Monat bieten wir zwischen 19-20 Uhr eine Sprechstunde im Club Voltaire an. Wir beraten und unterst\u00fctzen Menschen aus der linken Szene, die wegen ihrer politischen Aktivit\u00e4ten mit staatlicher Repression konfrontiert werden. Beispielsweise k\u00f6nnte dies eine Vorladung von Polizei, Staatsanwaltschaft oder Gericht sein, der Erhalt eines Bu\u00dfgeldbescheides oder Strafbefehls, eine Hausdurchsuchung oder Anquatschversuche vom Verfassungsschutz. Ihr k\u00f6nnt euch aber auch an uns wenden, wenn ihr Fragen zur Anmeldung einer Demonstration habt oder wenn ihr Hilfe bei der Vermittlung von Anw\u00e4ltInnen braucht.<\/p>\n\n\n\n<p>Wenn Ihr Unterst\u00fctzung f\u00fcr eine Demonstration braucht, solltet ihr m\u00f6glichst fr\u00fch Kontakt zu uns aufnehmen, wenn m\u00f6glich 3-4 Wochen im Vorfeld, damit wir uns darauf vorbereiten k\u00f6nnen.<\/p>\n\n\n\n<p>Um diese Infrastruktur dauerhaft aufrecht zu erhalten, sind wir auf eure Spenden angewiesen.<\/p>\n\n\n\n<p><strong>EA Frankfurt<\/strong><\/p>\n\n\n\n<p>(zuletzt aktualisiert: 2015)<\/p>\n","protected":false},"excerpt":{"rendered":"<p>EA Frankfurt Wer wir sind Der Ermittlungsausschuss (EA) Frankfurt besteht aus Menschen verschiedenster linker politischer Zusammenh\u00e4nge und Einzelpersonen. Aufgrund der ungebrochenen Kontinuit\u00e4t von staatlicher Repression und Polizeiwillk\u00fcr w\u00e4hrend Demonstrationen in Frankfurt ist es uns wichtig einen kontinuierlichen EA zu organisieren. Wir m\u00f6chten damit einen Beitrag leisten, um Demonstrationsfreiheit durchzusetzen und DemonstrantInnen die Sicherheit geben, dass [&hellip;]<\/p>\n","protected":false},"author":1,"featured_media":0,"parent":0,"menu_order":0,"comment_status":"closed","ping_status":"closed","template":"","meta":{"footnotes":""},"class_list":["post-28","page","type-page","status-publish","hentry"],"yoast_head":"<!-- This site is optimized with the Yoast SEO plugin v23.3 - https:\/\/yoast.com\/wordpress\/plugins\/seo\/ -->\n<title>\u00dcber den EA - EA FRANKFURT<\/title>\n<meta name=\"robots\" content=\"index, follow, max-snippet:-1, max-image-preview:large, max-video-preview:-1\" \/>\n<link rel=\"canonical\" href=\"https:\/\/solikom.de\/ea-frankfurt\/ueber-den-ea\/\" \/>\n<meta property=\"og:locale\" content=\"de_DE\" \/>\n<meta property=\"og:type\" content=\"article\" \/>\n<meta property=\"og:title\" content=\"\u00dcber den EA - EA FRANKFURT\" \/>\n<meta property=\"og:description\" content=\"EA Frankfurt Wer wir sind Der Ermittlungsausschuss (EA) Frankfurt besteht aus Menschen verschiedenster linker politischer Zusammenh\u00e4nge und Einzelpersonen. Aufgrund der ungebrochenen Kontinuit\u00e4t von staatlicher Repression und Polizeiwillk\u00fcr w\u00e4hrend Demonstrationen in Frankfurt ist es uns wichtig einen kontinuierlichen EA zu organisieren. Wir m\u00f6chten damit einen Beitrag leisten, um Demonstrationsfreiheit durchzusetzen und DemonstrantInnen die Sicherheit geben, dass [&hellip;]\" \/>\n<meta property=\"og:url\" content=\"https:\/\/solikom.de\/ea-frankfurt\/ueber-den-ea\/\" \/>\n<meta property=\"og:site_name\" content=\"EA FRANKFURT\" \/>\n<meta name=\"twitter:card\" content=\"summary_large_image\" \/>\n<meta name=\"twitter:label1\" content=\"Gesch\u00e4tzte Lesezeit\" \/>\n\t<meta name=\"twitter:data1\" content=\"3\u00a0Minuten\" \/>\n<script type=\"application\/ld+json\" class=\"yoast-schema-graph\">{\"@context\":\"https:\/\/schema.org\",\"@graph\":[{\"@type\":\"WebPage\",\"@id\":\"https:\/\/solikom.de\/ea-frankfurt\/ueber-den-ea\/\",\"url\":\"https:\/\/solikom.de\/ea-frankfurt\/ueber-den-ea\/\",\"name\":\"\u00dcber den EA - EA FRANKFURT\",\"isPartOf\":{\"@id\":\"https:\/\/solikom.de\/ea-frankfurt\/#website\"},\"datePublished\":\"2021-12-28T10:04:48+00:00\",\"dateModified\":\"2021-12-28T10:04:48+00:00\",\"breadcrumb\":{\"@id\":\"https:\/\/solikom.de\/ea-frankfurt\/ueber-den-ea\/#breadcrumb\"},\"inLanguage\":\"de\",\"potentialAction\":[{\"@type\":\"ReadAction\",\"target\":[\"https:\/\/solikom.de\/ea-frankfurt\/ueber-den-ea\/\"]}]},{\"@type\":\"BreadcrumbList\",\"@id\":\"https:\/\/solikom.de\/ea-frankfurt\/ueber-den-ea\/#breadcrumb\",\"itemListElement\":[{\"@type\":\"ListItem\",\"position\":1,\"name\":\"Startseite\",\"item\":\"https:\/\/solikom.de\/ea-frankfurt\/\"},{\"@type\":\"ListItem\",\"position\":2,\"name\":\"\u00dcber den EA\"}]},{\"@type\":\"WebSite\",\"@id\":\"https:\/\/solikom.de\/ea-frankfurt\/#website\",\"url\":\"https:\/\/solikom.de\/ea-frankfurt\/\",\"name\":\"EA FRANKFURT\",\"description\":\"Demonstrationsfreiheit durchsetzen\",\"publisher\":{\"@id\":\"https:\/\/solikom.de\/ea-frankfurt\/#organization\"},\"potentialAction\":[{\"@type\":\"SearchAction\",\"target\":{\"@type\":\"EntryPoint\",\"urlTemplate\":\"https:\/\/solikom.de\/ea-frankfurt\/?s={search_term_string}\"},\"query-input\":\"required name=search_term_string\"}],\"inLanguage\":\"de\"},{\"@type\":\"Organization\",\"@id\":\"https:\/\/solikom.de\/ea-frankfurt\/#organization\",\"name\":\"EA FRANKFURT\",\"url\":\"https:\/\/solikom.de\/ea-frankfurt\/\",\"logo\":{\"@type\":\"ImageObject\",\"inLanguage\":\"de\",\"@id\":\"https:\/\/solikom.de\/ea-frankfurt\/#\/schema\/logo\/image\/\",\"url\":\"https:\/\/solikom.de\/ea-frankfurt\/wp-content\/uploads\/2021\/12\/cropped-logo.png\",\"contentUrl\":\"https:\/\/solikom.de\/ea-frankfurt\/wp-content\/uploads\/2021\/12\/cropped-logo.png\",\"width\":240,\"height\":75,\"caption\":\"EA FRANKFURT\"},\"image\":{\"@id\":\"https:\/\/solikom.de\/ea-frankfurt\/#\/schema\/logo\/image\/\"}}]}<\/script>\n<!-- \/ Yoast SEO plugin. -->","yoast_head_json":{"title":"\u00dcber den EA - EA FRANKFURT","robots":{"index":"index","follow":"follow","max-snippet":"max-snippet:-1","max-image-preview":"max-image-preview:large","max-video-preview":"max-video-preview:-1"},"canonical":"https:\/\/solikom.de\/ea-frankfurt\/ueber-den-ea\/","og_locale":"de_DE","og_type":"article","og_title":"\u00dcber den EA - EA FRANKFURT","og_description":"EA Frankfurt Wer wir sind Der Ermittlungsausschuss (EA) Frankfurt besteht aus Menschen verschiedenster linker politischer Zusammenh\u00e4nge und Einzelpersonen. Aufgrund der ungebrochenen Kontinuit\u00e4t von staatlicher Repression und Polizeiwillk\u00fcr w\u00e4hrend Demonstrationen in Frankfurt ist es uns wichtig einen kontinuierlichen EA zu organisieren. Wir m\u00f6chten damit einen Beitrag leisten, um Demonstrationsfreiheit durchzusetzen und DemonstrantInnen die Sicherheit geben, dass [&hellip;]","og_url":"https:\/\/solikom.de\/ea-frankfurt\/ueber-den-ea\/","og_site_name":"EA FRANKFURT","twitter_card":"summary_large_image","twitter_misc":{"Gesch\u00e4tzte Lesezeit":"3\u00a0Minuten"},"schema":{"@context":"https:\/\/schema.org","@graph":[{"@type":"WebPage","@id":"https:\/\/solikom.de\/ea-frankfurt\/ueber-den-ea\/","url":"https:\/\/solikom.de\/ea-frankfurt\/ueber-den-ea\/","name":"\u00dcber den EA - EA FRANKFURT","isPartOf":{"@id":"https:\/\/solikom.de\/ea-frankfurt\/#website"},"datePublished":"2021-12-28T10:04:48+00:00","dateModified":"2021-12-28T10:04:48+00:00","breadcrumb":{"@id":"https:\/\/solikom.de\/ea-frankfurt\/ueber-den-ea\/#breadcrumb"},"inLanguage":"de","potentialAction":[{"@type":"ReadAction","target":["https:\/\/solikom.de\/ea-frankfurt\/ueber-den-ea\/"]}]},{"@type":"BreadcrumbList","@id":"https:\/\/solikom.de\/ea-frankfurt\/ueber-den-ea\/#breadcrumb","itemListElement":[{"@type":"ListItem","position":1,"name":"Startseite","item":"https:\/\/solikom.de\/ea-frankfurt\/"},{"@type":"ListItem","position":2,"name":"\u00dcber den EA"}]},{"@type":"WebSite","@id":"https:\/\/solikom.de\/ea-frankfurt\/#website","url":"https:\/\/solikom.de\/ea-frankfurt\/","name":"EA FRANKFURT","description":"Demonstrationsfreiheit durchsetzen","publisher":{"@id":"https:\/\/solikom.de\/ea-frankfurt\/#organization"},"potentialAction":[{"@type":"SearchAction","target":{"@type":"EntryPoint","urlTemplate":"https:\/\/solikom.de\/ea-frankfurt\/?s={search_term_string}"},"query-input":"required name=search_term_string"}],"inLanguage":"de"},{"@type":"Organization","@id":"https:\/\/solikom.de\/ea-frankfurt\/#organization","name":"EA FRANKFURT","url":"https:\/\/solikom.de\/ea-frankfurt\/","logo":{"@type":"ImageObject","inLanguage":"de","@id":"https:\/\/solikom.de\/ea-frankfurt\/#\/schema\/logo\/image\/","url":"https:\/\/solikom.de\/ea-frankfurt\/wp-content\/uploads\/2021\/12\/cropped-logo.png","contentUrl":"https:\/\/solikom.de\/ea-frankfurt\/wp-content\/uploads\/2021\/12\/cropped-logo.png","width":240,"height":75,"caption":"EA FRANKFURT"},"image":{"@id":"https:\/\/solikom.de\/ea-frankfurt\/#\/schema\/logo\/image\/"}}]}},"_links":{"self":[{"href":"https:\/\/solikom.de\/ea-frankfurt\/wp-json\/wp\/v2\/pages\/28","targetHints":{"allow":["GET"]}}],"collection":[{"href":"https:\/\/solikom.de\/ea-frankfurt\/wp-json\/wp\/v2\/pages"}],"about":[{"href":"https:\/\/solikom.de\/ea-frankfurt\/wp-json\/wp\/v2\/types\/page"}],"author":[{"embeddable":true,"href":"https:\/\/solikom.de\/ea-frankfurt\/wp-json\/wp\/v2\/users\/1"}],"replies":[{"embeddable":true,"href":"https:\/\/solikom.de\/ea-frankfurt\/wp-json\/wp\/v2\/comments?post=28"}],"version-history":[{"count":1,"href":"https:\/\/solikom.de\/ea-frankfurt\/wp-json\/wp\/v2\/pages\/28\/revisions"}],"predecessor-version":[{"id":29,"href":"https:\/\/solikom.de\/ea-frankfurt\/wp-json\/wp\/v2\/pages\/28\/revisions\/29"}],"wp:attachment":[{"href":"https:\/\/solikom.de\/ea-frankfurt\/wp-json\/wp\/v2\/media?parent=28"}],"curies":[{"name":"wp","href":"https:\/\/api.w.org\/{rel}","templated":true}]}}