{"id":49,"date":"2021-12-28T16:22:06","date_gmt":"2021-12-28T16:22:06","guid":{"rendered":"https:\/\/solikom.de\/ea-frankfurt\/?page_id=49"},"modified":"2021-12-28T16:22:06","modified_gmt":"2021-12-28T16:22:06","slug":"autonome-demosanis-selbstverstaendnis","status":"publish","type":"page","link":"https:\/\/solikom.de\/ea-frankfurt\/autonome-demosanis-selbstverstaendnis\/","title":{"rendered":"Autonome Demosanis Selbstverst\u00e4ndnis"},"content":{"rendered":"\n<h1 class=\"wp-block-heading\"><br>Kontakt<\/h1>\n\n\n\n<p>autonome.demosanis.ffm (at) gmx.de<\/p>\n\n\n\n<p>&#8211; bitte (at) durch @ ersetzen &#8211;<\/p>\n\n\n\n<h1 class=\"wp-block-heading\">Demosanis Selbstverst\u00e4ndnis<\/h1>\n\n\n\n<h3 class=\"wp-block-heading\">Vorstellung der Autonomen Demosanis Frankfurt<\/h3>\n\n\n\n<p>F\u00fcr uns ergab sich aus mehreren Gr\u00fcnden 2012 die Notwendigkeit eine organisierte Demosanigruppe in Frankfurt zu installieren: Zum einen gab es, nach langer Pause, wieder radikale gro\u00dfe Demos (M31, Blockupy) in Frankfurt, die unsere bisherigen Sani-Strukturen \u00fcberforderten. Zum anderen hatten sich die daraus entstanden Polizeieins\u00e4tze massiv ver\u00e4ndert. Neu war der fl\u00e4chendeckende Einsatz von Pfeffersray, der die Versorgung von vielen Menschen gleichzeitig notwendig machte, und die stundenlangen Kesselungen (zum Teil bei Minusgraden oder bei br\u00fcllender Hitze), die eine teilweise schwierige medizinische Versorgung vor Ort unabdingbar machten. Die Zahl der Verletzten durch Schlagstockeins\u00e4tze ist im Verh\u00e4ltnis zu den Demoteilnehmer*innen nicht gestiegen, ebenso die Menge der Kollateralsch\u00e4den. Wir denken, dass diese Ver\u00e4nderung im Umgang mit Demonstrant*innen eine Machtdemonstration ist, die prim\u00e4r abschrecken soll und zur Spaltung zwischen mehr und weniger \u201eradikalen\u201c Demoteilnehmer*innen beitragen soll.<\/p>\n\n\n\n<h2 class=\"wp-block-heading\">Selbstverst\u00e4ndnis:<\/h2>\n\n\n\n<p>Die Frankfurter Demosanis verstehen sich als Teil der linken Strukturen in der Stadt und wollen kein notfallmedizinisches \u201eServiceteam\u201c sein, sondern Teil einer solidarischen Selbsthilfe. Wir bem\u00fchen uns um die Zusammenarbeit mit \u00e4hnlichen Strukturen rund um Demos \u2013 dem EA, den Out of Action-Teams, Demosanis aus anderen St\u00e4dten etc. Somit verstehen wir uns als Teil der Frankfurter Anti-Rep-Strukturen, die nat\u00fcrlich gerade bei Gro\u00dfevents im Rhein\/Main-Gebiet viele organisatorischen und koordinierenden Aufgaben zu erledigen hat.<\/p>\n\n\n\n<p>Wir versuchen, die Grundkenntnisse der Ersten Hilfe und des Umgangs mit Gesundheitsproblemen auf Demos weiterzugeben an interessierte Gruppen und Einzelpersonen innerhalb der Szene. Wir sind ein Teil der Demos, an denen wir teilnehmen und entscheiden auch politisch gemeinsam dar\u00fcber, an welchen Demos wir teilnehmen (und an welchen nicht). Wir sind Leute mit medizinisch-pflegerischen professionellen Hintergr\u00fcnden, aber nicht der Sanit\u00e4tsdienst vom Roten Kreuz (oder vom Arbeitersamariterbund), sondern machen medizinische Erstversorgung, wir sind kein Ersatz f\u00fcr einen professionellen<br>Rettungsdienst.<\/p>\n\n\n\n<p>Wir arbeiten nicht mit der Polizei zusammen und machen auch keine Aussagen bei der Polizei oder Staatsanwaltschaft \u00fcber Vorf\u00e4lle w\u00e4hrend der Demos, an denen wir teilnehmen.<\/p>\n\n\n\n<p>Unser Ziel ist: Alle Demoteilnehmer*innen dabei zu unterst\u00fctzen, dass sie weiter angstfrei demonstrieren gehen k\u00f6nnen \u2013 Demonstrationfreiheit durchsetzen. Wir machen diese Arbeit unbezahlt und brauchen daf\u00fcr auch finanzielle und materielle Unterst\u00fctzung f\u00fcr medizinisches Material etc. und akzeptieren deshalb gerne Sach- und Geldspenden. Und wir freuen uns nat\u00fcrlich auch \u00fcber weitere Interessierte und Mitstreiter*innen.<\/p>\n\n\n\n<h3 class=\"wp-block-heading\">Wie verhalte ich mich als Laienhelfer*in auf Demos?<\/h3>\n\n\n\n<p>1. Vorbereitung zur Demo, was nehme ich mit:<\/p>\n\n\n\n<ul class=\"wp-block-list\"><li>nicht allein gehen, mit Freund*innen, Genoss*innen, Ausweis mitnehmen, kein Alk, keine Drogen<\/li><li>Ausreichend Wasser zum Trinken (und ggf. Augensp\u00fclen), M\u00fcsliriegel o.\u00e4.<\/li><li>Witterungsgerechte Kleidung, Sonnenschutz (Auch Sonnencreme au\u00dfer Gesicht)<\/li><li>Kontaktlinsen besser zu Hause lassen, Ersatzbrille, Schutzbrille gegen Pfefferspray<\/li><li>&nbsp;Medikamentenbedarf bei chron. Krankheiten (zB. Insulin, Asthmaspray)<\/li><li>&nbsp;(Thrombosestr\u00fcmpfe bei Sitzblockade)<\/li><li>&nbsp;Kenntnisse in Erster Hilfe erwerben (zB bei Demosani-Schulung)<\/li><\/ul>\n\n\n\n<p>2. Bei der Demo:<\/p>\n\n\n\n<ul class=\"wp-block-list\"><li>Aufeinander achten<\/li><li>&nbsp;Verletzte aus kritischen Situationen raus bringen, nicht alleine lassen, ggf. nach Hause, ins Caf\u00e9 oder ins Krankenhaus begleiten. Wenn rausbringen nicht m\u00f6glich, m\u00f6glichst ruhigen Raum um die Verletzten schaffen.<\/li><li>&nbsp;Bei allen Situationen, die lebensbedrohlich erscheinen, Verletzte nicht mehr ansprechbar sind, sofort 112 anrufen und Krankenwagen kommen lassen, nicht auf Demosanis warten.<\/li><li>Wenn\u2019s geht, auch Schwerverletzte nie an Bullensanis weitergeben, nur an zivile Sanit\u00e4ter*innen (Ausnahme akute Lebensbedrohung)<\/li><\/ul>\n\n\n\n<p>3. Im Krankenhaus<\/p>\n\n\n\n<ul class=\"wp-block-list\"><li>am besten (wenn genug Zeit ist) nicht ins n\u00e4chstgelegene Krankenhaus (da wartenu.U. schon die Bullen) sondern etwas weiter weg bringen<\/li><li>Bei der Angabe vom Verletzungshergang Geschichte erfinden (Unfall ohne Fremdbeteiligung), da man nie wei\u00df, wie die Leute im Krankenhaus drauf sind, bei Schuss- und Stichverletzungen (mit Fremdbeteiligung) sind sie auch gesetzlich verpflichtet, die Polizei zu rufen, bei Schlagverletzungen machen sie das u.U.auch, also besser wenig sagen, nur Erstversorgung machen lassen.<\/li><\/ul>\n\n\n\n<p>4. Nach der Demo<\/p>\n\n\n\n<ul class=\"wp-block-list\"><li>Ged\u00e4chtnisprotokoll anfertigen, f\u00fcr den Fall, dass es zu Klagen kommen k\u00f6nnte.<\/li><li>&nbsp;F\u00fcr Dokumentation der Verletzungen und Weiterversorgung am n\u00e4chsten Tag zum Arzt\/\u00c4rztin deines Vertrauens gehen&nbsp;<\/li><li>Nach schweren Gewalterfahrungen sind sog. \u201ePost-traumatische Reaktionen\u201c in den ersten Wochen danach (Angstzust\u00e4nde, Flashbacks, Alptr\u00e4ume, Unruhe) normale Reaktionen der Psyche, sind auch kein Zeichen von pers\u00f6nlicher Schw\u00e4che, kein Grund zum Sch\u00e4men, die Symptome gehen in den meisten F\u00e4llen von allein weg, Unterst\u00fctzung von Freunden und Genossen hilft. wenn es nicht besser wird, dann sollte man professionelle Hilfe in Anspruch nehmen, nicht allein damit bleiben. Wir k\u00f6nnen Kontakte vermitteln.<\/li><\/ul>\n\n\n\n<h3 class=\"wp-block-heading\">Autonome Demosanis Frankfurt<\/h3>\n","protected":false},"excerpt":{"rendered":"<p>Kontakt autonome.demosanis.ffm (at) gmx.de &#8211; bitte (at) durch @ ersetzen &#8211; Demosanis Selbstverst\u00e4ndnis Vorstellung der Autonomen Demosanis Frankfurt F\u00fcr uns ergab sich aus mehreren Gr\u00fcnden 2012 die Notwendigkeit eine organisierte Demosanigruppe in Frankfurt zu installieren: Zum einen gab es, nach langer Pause, wieder radikale gro\u00dfe Demos (M31, Blockupy) in Frankfurt, die unsere bisherigen Sani-Strukturen \u00fcberforderten. [&hellip;]<\/p>\n","protected":false},"author":1,"featured_media":0,"parent":0,"menu_order":0,"comment_status":"closed","ping_status":"closed","template":"","meta":{"footnotes":""},"class_list":["post-49","page","type-page","status-publish","hentry"],"yoast_head":"<!-- This site is optimized with the Yoast SEO plugin v23.3 - https:\/\/yoast.com\/wordpress\/plugins\/seo\/ -->\n<title>Autonome Demosanis Selbstverst\u00e4ndnis - EA FRANKFURT<\/title>\n<meta name=\"robots\" content=\"index, follow, max-snippet:-1, max-image-preview:large, max-video-preview:-1\" \/>\n<link rel=\"canonical\" href=\"https:\/\/solikom.de\/ea-frankfurt\/autonome-demosanis-selbstverstaendnis\/\" \/>\n<meta property=\"og:locale\" content=\"de_DE\" \/>\n<meta property=\"og:type\" content=\"article\" \/>\n<meta property=\"og:title\" content=\"Autonome Demosanis Selbstverst\u00e4ndnis - EA FRANKFURT\" \/>\n<meta property=\"og:description\" content=\"Kontakt autonome.demosanis.ffm (at) gmx.de &#8211; bitte (at) durch @ ersetzen &#8211; Demosanis Selbstverst\u00e4ndnis Vorstellung der Autonomen Demosanis Frankfurt F\u00fcr uns ergab sich aus mehreren Gr\u00fcnden 2012 die Notwendigkeit eine organisierte Demosanigruppe in Frankfurt zu installieren: Zum einen gab es, nach langer Pause, wieder radikale gro\u00dfe Demos (M31, Blockupy) in Frankfurt, die unsere bisherigen Sani-Strukturen \u00fcberforderten. [&hellip;]\" \/>\n<meta property=\"og:url\" content=\"https:\/\/solikom.de\/ea-frankfurt\/autonome-demosanis-selbstverstaendnis\/\" \/>\n<meta property=\"og:site_name\" content=\"EA FRANKFURT\" \/>\n<meta name=\"twitter:card\" content=\"summary_large_image\" \/>\n<meta name=\"twitter:label1\" content=\"Gesch\u00e4tzte Lesezeit\" \/>\n\t<meta name=\"twitter:data1\" content=\"4\u00a0Minuten\" \/>\n<script type=\"application\/ld+json\" class=\"yoast-schema-graph\">{\"@context\":\"https:\/\/schema.org\",\"@graph\":[{\"@type\":\"WebPage\",\"@id\":\"https:\/\/solikom.de\/ea-frankfurt\/autonome-demosanis-selbstverstaendnis\/\",\"url\":\"https:\/\/solikom.de\/ea-frankfurt\/autonome-demosanis-selbstverstaendnis\/\",\"name\":\"Autonome Demosanis Selbstverst\u00e4ndnis - EA FRANKFURT\",\"isPartOf\":{\"@id\":\"https:\/\/solikom.de\/ea-frankfurt\/#website\"},\"datePublished\":\"2021-12-28T16:22:06+00:00\",\"dateModified\":\"2021-12-28T16:22:06+00:00\",\"breadcrumb\":{\"@id\":\"https:\/\/solikom.de\/ea-frankfurt\/autonome-demosanis-selbstverstaendnis\/#breadcrumb\"},\"inLanguage\":\"de\",\"potentialAction\":[{\"@type\":\"ReadAction\",\"target\":[\"https:\/\/solikom.de\/ea-frankfurt\/autonome-demosanis-selbstverstaendnis\/\"]}]},{\"@type\":\"BreadcrumbList\",\"@id\":\"https:\/\/solikom.de\/ea-frankfurt\/autonome-demosanis-selbstverstaendnis\/#breadcrumb\",\"itemListElement\":[{\"@type\":\"ListItem\",\"position\":1,\"name\":\"Startseite\",\"item\":\"https:\/\/solikom.de\/ea-frankfurt\/\"},{\"@type\":\"ListItem\",\"position\":2,\"name\":\"Autonome Demosanis Selbstverst\u00e4ndnis\"}]},{\"@type\":\"WebSite\",\"@id\":\"https:\/\/solikom.de\/ea-frankfurt\/#website\",\"url\":\"https:\/\/solikom.de\/ea-frankfurt\/\",\"name\":\"EA FRANKFURT\",\"description\":\"Demonstrationsfreiheit durchsetzen\",\"publisher\":{\"@id\":\"https:\/\/solikom.de\/ea-frankfurt\/#organization\"},\"potentialAction\":[{\"@type\":\"SearchAction\",\"target\":{\"@type\":\"EntryPoint\",\"urlTemplate\":\"https:\/\/solikom.de\/ea-frankfurt\/?s={search_term_string}\"},\"query-input\":\"required name=search_term_string\"}],\"inLanguage\":\"de\"},{\"@type\":\"Organization\",\"@id\":\"https:\/\/solikom.de\/ea-frankfurt\/#organization\",\"name\":\"EA FRANKFURT\",\"url\":\"https:\/\/solikom.de\/ea-frankfurt\/\",\"logo\":{\"@type\":\"ImageObject\",\"inLanguage\":\"de\",\"@id\":\"https:\/\/solikom.de\/ea-frankfurt\/#\/schema\/logo\/image\/\",\"url\":\"https:\/\/solikom.de\/ea-frankfurt\/wp-content\/uploads\/2021\/12\/cropped-logo.png\",\"contentUrl\":\"https:\/\/solikom.de\/ea-frankfurt\/wp-content\/uploads\/2021\/12\/cropped-logo.png\",\"width\":240,\"height\":75,\"caption\":\"EA FRANKFURT\"},\"image\":{\"@id\":\"https:\/\/solikom.de\/ea-frankfurt\/#\/schema\/logo\/image\/\"}}]}<\/script>\n<!-- \/ Yoast SEO plugin. -->","yoast_head_json":{"title":"Autonome Demosanis Selbstverst\u00e4ndnis - EA FRANKFURT","robots":{"index":"index","follow":"follow","max-snippet":"max-snippet:-1","max-image-preview":"max-image-preview:large","max-video-preview":"max-video-preview:-1"},"canonical":"https:\/\/solikom.de\/ea-frankfurt\/autonome-demosanis-selbstverstaendnis\/","og_locale":"de_DE","og_type":"article","og_title":"Autonome Demosanis Selbstverst\u00e4ndnis - EA FRANKFURT","og_description":"Kontakt autonome.demosanis.ffm (at) gmx.de &#8211; bitte (at) durch @ ersetzen &#8211; Demosanis Selbstverst\u00e4ndnis Vorstellung der Autonomen Demosanis Frankfurt F\u00fcr uns ergab sich aus mehreren Gr\u00fcnden 2012 die Notwendigkeit eine organisierte Demosanigruppe in Frankfurt zu installieren: Zum einen gab es, nach langer Pause, wieder radikale gro\u00dfe Demos (M31, Blockupy) in Frankfurt, die unsere bisherigen Sani-Strukturen \u00fcberforderten. [&hellip;]","og_url":"https:\/\/solikom.de\/ea-frankfurt\/autonome-demosanis-selbstverstaendnis\/","og_site_name":"EA FRANKFURT","twitter_card":"summary_large_image","twitter_misc":{"Gesch\u00e4tzte Lesezeit":"4\u00a0Minuten"},"schema":{"@context":"https:\/\/schema.org","@graph":[{"@type":"WebPage","@id":"https:\/\/solikom.de\/ea-frankfurt\/autonome-demosanis-selbstverstaendnis\/","url":"https:\/\/solikom.de\/ea-frankfurt\/autonome-demosanis-selbstverstaendnis\/","name":"Autonome Demosanis Selbstverst\u00e4ndnis - EA FRANKFURT","isPartOf":{"@id":"https:\/\/solikom.de\/ea-frankfurt\/#website"},"datePublished":"2021-12-28T16:22:06+00:00","dateModified":"2021-12-28T16:22:06+00:00","breadcrumb":{"@id":"https:\/\/solikom.de\/ea-frankfurt\/autonome-demosanis-selbstverstaendnis\/#breadcrumb"},"inLanguage":"de","potentialAction":[{"@type":"ReadAction","target":["https:\/\/solikom.de\/ea-frankfurt\/autonome-demosanis-selbstverstaendnis\/"]}]},{"@type":"BreadcrumbList","@id":"https:\/\/solikom.de\/ea-frankfurt\/autonome-demosanis-selbstverstaendnis\/#breadcrumb","itemListElement":[{"@type":"ListItem","position":1,"name":"Startseite","item":"https:\/\/solikom.de\/ea-frankfurt\/"},{"@type":"ListItem","position":2,"name":"Autonome Demosanis Selbstverst\u00e4ndnis"}]},{"@type":"WebSite","@id":"https:\/\/solikom.de\/ea-frankfurt\/#website","url":"https:\/\/solikom.de\/ea-frankfurt\/","name":"EA FRANKFURT","description":"Demonstrationsfreiheit durchsetzen","publisher":{"@id":"https:\/\/solikom.de\/ea-frankfurt\/#organization"},"potentialAction":[{"@type":"SearchAction","target":{"@type":"EntryPoint","urlTemplate":"https:\/\/solikom.de\/ea-frankfurt\/?s={search_term_string}"},"query-input":"required name=search_term_string"}],"inLanguage":"de"},{"@type":"Organization","@id":"https:\/\/solikom.de\/ea-frankfurt\/#organization","name":"EA FRANKFURT","url":"https:\/\/solikom.de\/ea-frankfurt\/","logo":{"@type":"ImageObject","inLanguage":"de","@id":"https:\/\/solikom.de\/ea-frankfurt\/#\/schema\/logo\/image\/","url":"https:\/\/solikom.de\/ea-frankfurt\/wp-content\/uploads\/2021\/12\/cropped-logo.png","contentUrl":"https:\/\/solikom.de\/ea-frankfurt\/wp-content\/uploads\/2021\/12\/cropped-logo.png","width":240,"height":75,"caption":"EA FRANKFURT"},"image":{"@id":"https:\/\/solikom.de\/ea-frankfurt\/#\/schema\/logo\/image\/"}}]}},"_links":{"self":[{"href":"https:\/\/solikom.de\/ea-frankfurt\/wp-json\/wp\/v2\/pages\/49","targetHints":{"allow":["GET"]}}],"collection":[{"href":"https:\/\/solikom.de\/ea-frankfurt\/wp-json\/wp\/v2\/pages"}],"about":[{"href":"https:\/\/solikom.de\/ea-frankfurt\/wp-json\/wp\/v2\/types\/page"}],"author":[{"embeddable":true,"href":"https:\/\/solikom.de\/ea-frankfurt\/wp-json\/wp\/v2\/users\/1"}],"replies":[{"embeddable":true,"href":"https:\/\/solikom.de\/ea-frankfurt\/wp-json\/wp\/v2\/comments?post=49"}],"version-history":[{"count":1,"href":"https:\/\/solikom.de\/ea-frankfurt\/wp-json\/wp\/v2\/pages\/49\/revisions"}],"predecessor-version":[{"id":50,"href":"https:\/\/solikom.de\/ea-frankfurt\/wp-json\/wp\/v2\/pages\/49\/revisions\/50"}],"wp:attachment":[{"href":"https:\/\/solikom.de\/ea-frankfurt\/wp-json\/wp\/v2\/media?parent=49"}],"curies":[{"name":"wp","href":"https:\/\/api.w.org\/{rel}","templated":true}]}}